{"id":33137,"date":"2025-10-16T09:14:21","date_gmt":"2025-10-16T07:14:21","guid":{"rendered":"https:\/\/www.afrika.de\/blog\/?page_id=33137"},"modified":"2025-10-16T09:14:21","modified_gmt":"2025-10-16T07:14:21","slug":"erklaerung-zur-barrierefreiheit","status":"publish","type":"page","link":"https:\/\/www.afrika.de\/blog\/erklaerung-zur-barrierefreiheit\/","title":{"rendered":"Erkl\u00e4rung zur Barrierefreiheit"},"content":{"rendered":"<p>Diese Erkl\u00e4rung zur Barrierefreiheit gilt f\u00fcr die Website <a href=\"https:\/\/www.afrika.de\/blog\" data-wpel-link=\"internal\">https:\/\/www.afrika.de\/blog<\/a><\/p>\n<h3>Gesetzliche Grundlage<\/h3>\n<p>Wir bem\u00fchen uns, unsere Website im Einklang mit den nationalen Rechtsvorschriften zur Umsetzung der Richtlinie (EU) 2016\/2102 barrierefrei zug\u00e4nglich zu machen.<br \/>\nRechtsgrundlage sind das Behindertengleichstellungsgesetz (BGG) und das Barrierefreiheitsst\u00e4rkungsgesetz (BFSG) in Verbindung mit der Barrierefreie-Informationstechnik-Verordnung (BITV 2.0).<\/p>\n<h3>Stand der Vereinbarkeit mit den Anforderungen<\/h3>\n<p>Diese Website ist mit den Vorgaben zur Barrierefreiheit teilweise vereinbar.<br \/>\nDie Anforderungen ergeben sich aus den Richtlinien f\u00fcr barrierefreie Webinhalte (WCAG 2.1) auf Konformit\u00e4tsstufe AA sowie den Anforderungen der EN 301 549.<\/p>\n<h3>Nicht barrierefreie Inhalte<\/h3>\n<p>Die nachstehend aufgef\u00fchrten Inhalte sind aktuell nicht oder nur eingeschr\u00e4nkt barrierefrei zug\u00e4nglich:<\/p>\n<p>Einzelne PDF-Dokumente sind noch nicht barrierefrei<br \/>\nBei einigen Bildern fehlen Alternativtexte<br \/>\nBestimmte Formulare sind noch nicht vollst\u00e4ndig barrierefrei bedienbar<\/p>\n<p>Wir arbeiten kontinuierlich daran, bestehende Barrieren abzubauen.<\/p>\n<h3>Erstellung dieser Erkl\u00e4rung<\/h3>\n<p>Diese Erkl\u00e4rung wurde am 28.07.2025 erstellt.<br \/>\nDie Einsch\u00e4tzung beruht auf einer Selbstbewertung und stichprobenartigen Tests der Inhalte.<\/p>\n<h3>R\u00fcckmeldung und Kontakt<\/h3>\n<p>Sollten Ihnen M\u00e4ngel in Bezug auf die barrierefreie Gestaltung unserer Website auffallen oder m\u00f6chten Sie Informationen zu nicht barrierefreien Inhalten erhalten, k\u00f6nnen Sie sich gerne an uns wenden:<\/p>\n<p>Iwanowski\u2019s Individuelles Reisen GmbH<br \/>\nE-Mail: <a href=\"mailto:iwanowski@afrika.de\">iwanowski@afrika.de<\/a><br \/>\nTelefon: +49 (0) 2133 2603 0<\/p>\n<h3>Schlichtungsverfahren<\/h3>\n<p>Falls auch nach Ihrer R\u00fcckmeldung an uns keine zufriedenstellende L\u00f6sung gefunden wird, k\u00f6nnen Sie sich an die Schlichtungsstelle nach \u00a7 16 BGG wenden:<\/p>\n<p>Schlichtungsstelle BGG<br \/>\nMauerstra\u00dfe 53<br \/>\n10117 Berlin<br \/>\nTelefon: +49 (0)30 18527-2805<br \/>\nE-Mail: <a href=\"mailto:info@schlichtungsstelle-bgg.de\">info@schlichtungsstelle-bgg.de<\/a><br \/>\nInternet: <a href=\"https:\/\/www.schlichtungsstelle-bgg.de\" target=\"_blank\" rel=\"noopener nofollow noreferrer\" data-wpel-link=\"external\" class=\"ext-link\">https:\/\/www.schlichtungsstelle-bgg.de<\/a><\/p>","protected":false},"excerpt":{"rendered":"<p>Diese Erkl\u00e4rung zur Barrierefreiheit gilt f\u00fcr die Website https:\/\/www.afrika.de\/blog Gesetzliche Grundlage Wir bem\u00fchen uns, unsere Website im Einklang mit den nationalen Rechtsvorschriften zur Umsetzung der Richtlinie (EU) 2016\/2102 barrierefrei zug\u00e4nglich zu machen. Rechtsgrundlage sind das Behindertengleichstellungsgesetz (BGG) und das Barrierefreiheitsst\u00e4rkungsgesetz (BFSG) in Verbindung mit der&hellip; <a class=\"read-more\" href=\"https:\/\/www.afrika.de\/blog\/erklaerung-zur-barrierefreiheit\/\" data-wpel-link=\"internal\">Weiterlesen<\/a><\/p>\n","protected":false},"author":309,"featured_media":0,"parent":0,"menu_order":0,"comment_status":"closed","ping_status":"closed","template":"","meta":{"footnotes":""},"class_list":["post-33137","page","type-page","status-publish","hentry"],"_links":{"self":[{"href":"https:\/\/www.afrika.de\/blog\/wp-json\/wp\/v2\/pages\/33137","targetHints":{"allow":["GET"]}}],"collection":[{"href":"https:\/\/www.afrika.de\/blog\/wp-json\/wp\/v2\/pages"}],"about":[{"href":"https:\/\/www.afrika.de\/blog\/wp-json\/wp\/v2\/types\/page"}],"author":[{"embeddable":true,"href":"https:\/\/www.afrika.de\/blog\/wp-json\/wp\/v2\/users\/309"}],"replies":[{"embeddable":true,"href":"https:\/\/www.afrika.de\/blog\/wp-json\/wp\/v2\/comments?post=33137"}],"version-history":[{"count":1,"href":"https:\/\/www.afrika.de\/blog\/wp-json\/wp\/v2\/pages\/33137\/revisions"}],"predecessor-version":[{"id":33138,"href":"https:\/\/www.afrika.de\/blog\/wp-json\/wp\/v2\/pages\/33137\/revisions\/33138"}],"wp:attachment":[{"href":"https:\/\/www.afrika.de\/blog\/wp-json\/wp\/v2\/media?parent=33137"}],"curies":[{"name":"wp","href":"https:\/\/api.w.org\/{rel}","templated":true}]}}