{"id":27304,"date":"2017-12-15T15:37:40","date_gmt":"2017-12-15T13:37:40","guid":{"rendered":"https:\/\/www.afrika.de\/blog\/?page_id=27304"},"modified":"2018-07-18T13:52:57","modified_gmt":"2018-07-18T11:52:57","slug":"mosambik-reisetipps","status":"publish","type":"page","link":"https:\/\/www.afrika.de\/blog\/mosambik-reisetipps\/","title":{"rendered":"Mosambik Reisetipps"},"content":{"rendered":"<p><img loading=\"lazy\" decoding=\"async\" class=\"alignnone size-full wp-image-27305\" src=\"https:\/\/www.afrika.de\/blog\/wp-content\/uploads\/2017\/12\/afrika-mosambik.jpg\" alt=\"Mosambik Reisetipps - Iwanowski's Reise-Blog\" width=\"720\" height=\"240\" srcset=\"https:\/\/www.afrika.de\/blog\/wp-content\/uploads\/2017\/12\/afrika-mosambik.jpg 720w, https:\/\/www.afrika.de\/blog\/wp-content\/uploads\/2017\/12\/afrika-mosambik-300x100.jpg 300w\" sizes=\"auto, (max-width: 720px) 100vw, 720px\" \/><\/p>\n<p>Der Tourismus-Geheimtipp Mosambik bietet seinen Urlaubern eine spannende Geschichte, unber\u00fchrte Str\u00e4nde und aufregende Naturerlebnisse bei subtropischem Klima.&nbsp; F\u00fcr Ihre n\u00e4chste Mosambik-Reise erhalten Sie hier einige Tipps zu Sehensw\u00fcrdigkeiten, Safaris sowie Land und Leute.<\/p>\n\n<h2>Beitr\u00e4ge \u00fcber die Tier- und Pflanzenwelt und Sehensw\u00fcrdigkeit in Mosambik<\/h2>\n<div class=\"pt-cv-wrapper\"><div class=\"pt-cv-view pt-cv-grid pt-cv-colsys pt-cv-post-border\" id=\"pt-cv-view-24054cayh5\"><div data-id=\"pt-cv-page-1\" class=\"pt-cv-page\" data-cvc=\"3\"><div class=\"col-md-4 col-sm-6 col-xs-12 pt-cv-content-item pt-cv-1-col\"  data-pid=\"31883\"><div class='pt-cv-ifield'><a href=\"https:\/\/www.afrika.de\/blog\/lasst-die-tiere-nicht-alleine-ein-appell-zum-thema-fernfluege-von-hermann-rohlfs\/\" class=\"_self pt-cv-href-thumbnail pt-cv-thumb-default cvplbd\" target=\"_self\" data-wpel-link=\"internal\"><img loading=\"lazy\" decoding=\"async\" width=\"300\" height=\"240\" src=\"https:\/\/www.afrika.de\/blog\/wp-content\/uploads\/2019\/10\/Kenia-101bearbjpg-300x240.jpg\" class=\"pt-cv-thumbnail img-none\" alt=\"Lasst die Tiere nicht alleine! Ein Appell zum Thema Fernfl\u00fcge von Hermann Rohlfs\" srcset=\"https:\/\/www.afrika.de\/blog\/wp-content\/uploads\/2019\/10\/Kenia-101bearbjpg-300x240.jpg\" sizes=\"auto, (max-width: 300px) 100vw, 300px\" \/><\/a>\n<div class=\"pt-cv-title\"><a href=\"https:\/\/www.afrika.de\/blog\/lasst-die-tiere-nicht-alleine-ein-appell-zum-thema-fernfluege-von-hermann-rohlfs\/\" class=\"_self cvplbd\" target=\"_self\" data-wpel-link=\"internal\">Lasst die Tiere nicht alleine! Ein Appell zum Thema Fernfl\u00fcge von Hermann Rohlfs<\/a><\/div><\/div><\/div>\n<div class=\"col-md-4 col-sm-6 col-xs-12 pt-cv-content-item pt-cv-1-col\"  data-pid=\"31820\"><div class='pt-cv-ifield'><a href=\"https:\/\/www.afrika.de\/blog\/von-suedafrika-nach-mosambik-teil-3\/\" class=\"_self pt-cv-href-thumbnail pt-cv-thumb-default cvplbd\" target=\"_self\" data-wpel-link=\"internal\"><img loading=\"lazy\" decoding=\"async\" width=\"300\" height=\"240\" src=\"https:\/\/www.afrika.de\/blog\/wp-content\/uploads\/2019\/09\/20190521_135541-300x240.jpg\" class=\"pt-cv-thumbnail img-none\" alt=\"Von S\u00fcdafrika nach Mosambik \u2013 Teil 3\" srcset=\"https:\/\/www.afrika.de\/blog\/wp-content\/uploads\/2019\/09\/20190521_135541-300x240.jpg\" sizes=\"auto, (max-width: 300px) 100vw, 300px\" \/><\/a>\n<div class=\"pt-cv-title\"><a href=\"https:\/\/www.afrika.de\/blog\/von-suedafrika-nach-mosambik-teil-3\/\" class=\"_self cvplbd\" target=\"_self\" data-wpel-link=\"internal\">Von S\u00fcdafrika nach Mosambik \u2013 Teil 3<\/a><\/div><\/div><\/div>\n<div class=\"col-md-4 col-sm-6 col-xs-12 pt-cv-content-item pt-cv-1-col\"  data-pid=\"31609\"><div class='pt-cv-ifield'><a href=\"https:\/\/www.afrika.de\/blog\/von-suedafrika-nach-mosambik-als-selbstfahrer-unterwegs-teil-1\/\" class=\"_self pt-cv-href-thumbnail pt-cv-thumb-default cvplbd\" target=\"_self\" data-wpel-link=\"internal\"><img loading=\"lazy\" decoding=\"async\" width=\"300\" height=\"240\" src=\"https:\/\/www.afrika.de\/blog\/wp-content\/uploads\/2019\/07\/20190513_080204-300x240.jpg\" class=\"pt-cv-thumbnail img-none\" alt=\"Von S\u00fcdafrika nach Mosambik \u2013 Als Selbstfahrer unterwegs | Teil 1\" srcset=\"https:\/\/www.afrika.de\/blog\/wp-content\/uploads\/2019\/07\/20190513_080204-300x240.jpg\" sizes=\"auto, (max-width: 300px) 100vw, 300px\" \/><\/a>\n<div class=\"pt-cv-title\"><a href=\"https:\/\/www.afrika.de\/blog\/von-suedafrika-nach-mosambik-als-selbstfahrer-unterwegs-teil-1\/\" class=\"_self cvplbd\" target=\"_self\" data-wpel-link=\"internal\">Von S\u00fcdafrika nach Mosambik \u2013 Als Selbstfahrer unterwegs | Teil 1<\/a><\/div><\/div><\/div><\/div><\/div><\/div>\t\t\t<style type=\"text\/css\" id=\"pt-cv-inline-style-5acd032314\">#pt-cv-view-24054cayh5.pt-cv-post-border { margin: 0; border-top-width: 1px; border-left-width: 1px }\n#pt-cv-view-24054cayh5.pt-cv-post-border { margin: 0; border-top-style: solid; border-left-style: solid }\n#pt-cv-view-24054cayh5.pt-cv-post-border { margin: 0; border-top-color: #ececec; border-left-color: #ececec }\n#pt-cv-view-24054cayh5.pt-cv-post-border .pt-cv-content-item   { border-right-width: 1px; border-bottom-width: 1px; border-right-style: solid; border-bottom-style: solid; border-right-color: #ececec; border-bottom-color: #ececec; }\n#pt-cv-view-24054cayh5 .pt-cv-title a, #pt-cv-view-24054cayh5  .panel-title { color: #800f19 !important; font-weight: 600 !important; }\n#pt-cv-view-24054cayh5 .pt-cv-carousel-caption  { background-color: rgba(51,51,51,.6) !important; }\n#pt-cv-view-24054cayh5 .pt-cv-specialp { background-color: #CC3333 !important }\n#pt-cv-view-24054cayh5 .pt-cv-specialp * { color: #fff !important; }\n#pt-cv-view-24054cayh5 .pt-cv-pficon  { color: #bbb !important; }\n#pt-cv-view-24054cayh5 .pt-cv-readmore  { color: #ffffff !important; background-color: #00aeef !important; }\n#pt-cv-view-24054cayh5 .pt-cv-readmore:hover  { color: #ffffff !important; background-color: #00aeef !important; }\n#pt-cv-view-24054cayh5  + .pt-cv-pagination-wrapper .pt-cv-more , #pt-cv-view-24054cayh5  + .pt-cv-pagination-wrapper .pagination .active a, .pt-cv-pagination[data-sid='24054cayh5'] .active a { color: #ffffff !important; background-color: #00aeef !important; }<\/style>\r\n\t\t\t\n<h2>Weiterf\u00fchrende Informationen<\/h2>\n<p>Wir empfehlen Ihnen in unsere <a href=\"https:\/\/www.afrika.de\/mosambik\/reiseinformationen-mosambik\/\" data-wpel-link=\"exclude\">Reiseinformationen f\u00fcr Mosambik<\/a>&nbsp;mit&nbsp;einer Auflistung von wichtigen Adressen, Angaben zum Klima, Gesundheits- und Sicherheitshinweise und mehr.<\/p>\n<p>Weitere Fragen zum Land und \u00fcber spezielle <a href=\"https:\/\/www.afrika.de\/mosambik\/\" data-wpel-link=\"exclude\">Mosambik-Reisen<\/a> beantworten wir Ihnen gerne. Kontaktieren Sie uns daf\u00fcr entweder&nbsp;<\/p>\n<ul>\n<li>per Telefon:&nbsp;+49 (0) 2133 26030 oder<\/li>\n<li>per Mail: info(at)afrika.de.<\/li>\n<\/ul>","protected":false},"excerpt":{"rendered":"<p>Der Tourismus-Geheimtipp Mosambik bietet seinen Urlaubern eine spannende Geschichte, unber\u00fchrte Str\u00e4nde und aufregende Naturerlebnisse bei subtropischem Klima.&nbsp; F\u00fcr Ihre n\u00e4chste Mosambik-Reise erhalten Sie hier einige Tipps zu Sehensw\u00fcrdigkeiten, Safaris sowie Land und Leute. Beitr\u00e4ge \u00fcber die Tier- und Pflanzenwelt und Sehensw\u00fcrdigkeit in Mosambik Weiterf\u00fchrende Informationen&hellip; <a class=\"read-more\" href=\"https:\/\/www.afrika.de\/blog\/mosambik-reisetipps\/\" data-wpel-link=\"internal\">Weiterlesen<\/a><\/p>\n","protected":false},"author":307,"featured_media":0,"parent":0,"menu_order":0,"comment_status":"closed","ping_status":"closed","template":"","meta":{"footnotes":""},"class_list":["post-27304","page","type-page","status-publish","hentry"],"_links":{"self":[{"href":"https:\/\/www.afrika.de\/blog\/wp-json\/wp\/v2\/pages\/27304","targetHints":{"allow":["GET"]}}],"collection":[{"href":"https:\/\/www.afrika.de\/blog\/wp-json\/wp\/v2\/pages"}],"about":[{"href":"https:\/\/www.afrika.de\/blog\/wp-json\/wp\/v2\/types\/page"}],"author":[{"embeddable":true,"href":"https:\/\/www.afrika.de\/blog\/wp-json\/wp\/v2\/users\/307"}],"replies":[{"embeddable":true,"href":"https:\/\/www.afrika.de\/blog\/wp-json\/wp\/v2\/comments?post=27304"}],"version-history":[{"count":14,"href":"https:\/\/www.afrika.de\/blog\/wp-json\/wp\/v2\/pages\/27304\/revisions"}],"predecessor-version":[{"id":29086,"href":"https:\/\/www.afrika.de\/blog\/wp-json\/wp\/v2\/pages\/27304\/revisions\/29086"}],"wp:attachment":[{"href":"https:\/\/www.afrika.de\/blog\/wp-json\/wp\/v2\/media?parent=27304"}],"curies":[{"name":"wp","href":"https:\/\/api.w.org\/{rel}","templated":true}]}}