{"id":27290,"date":"2017-12-15T15:37:40","date_gmt":"2017-12-15T13:37:40","guid":{"rendered":"https:\/\/www.afrika.de\/blog\/?page_id=27290"},"modified":"2018-07-12T14:15:02","modified_gmt":"2018-07-12T12:15:02","slug":"malawi-reisetipps","status":"publish","type":"page","link":"https:\/\/www.afrika.de\/blog\/malawi-reisetipps\/","title":{"rendered":"Malawi Reisetipps"},"content":{"rendered":"<p><img loading=\"lazy\" decoding=\"async\" class=\"alignnone size-full wp-image-27292\" src=\"https:\/\/www.afrika.de\/blog\/wp-content\/uploads\/2017\/12\/afrika-malawi.jpg\" alt=\"Malawi Reisetipps - Iwanowski's Reise-Blog\" width=\"720\" height=\"240\" srcset=\"https:\/\/www.afrika.de\/blog\/wp-content\/uploads\/2017\/12\/afrika-malawi.jpg 720w, https:\/\/www.afrika.de\/blog\/wp-content\/uploads\/2017\/12\/afrika-malawi-300x100.jpg 300w\" sizes=\"auto, (max-width: 720px) 100vw, 720px\" \/><\/p>\n<p>Der drittgr\u00f6\u00dfte S\u00fc\u00dfwassersee Afrikas ist nur eines der vielen Dinge, die es in Malawi zu entdecken gibt. Erfahren Sie im Blog von Iwanowski&#8217;s mehr \u00fcber Reisetipps, Eindr\u00fccke und Informationen zu aktuellen Entwicklungen.<\/p>\n\n<h2>Beliebte Malawi-Artikel im Blog<\/h2>\n<div class=\"pt-cv-wrapper\"><div class=\"pt-cv-view pt-cv-grid pt-cv-colsys pt-cv-post-border\" id=\"pt-cv-view-1ddd0330m1\"><div data-id=\"pt-cv-page-1\" class=\"pt-cv-page\" data-cvc=\"3\"><div class=\"col-md-4 col-sm-6 col-xs-12 pt-cv-content-item pt-cv-1-col\"  data-pid=\"32847\"><div class='pt-cv-ifield'><a href=\"https:\/\/www.afrika.de\/blog\/traumreise-malawi-und-sambia-mit-katrin-neidig-teil-1\/\" class=\"_self pt-cv-href-thumbnail pt-cv-thumb-default cvplbd\" target=\"_self\" data-wpel-link=\"internal\"><img loading=\"lazy\" decoding=\"async\" width=\"300\" height=\"240\" src=\"https:\/\/www.afrika.de\/blog\/wp-content\/uploads\/2023\/05\/kayamawa_2013-05-200e1-300x240.jpg\" class=\"pt-cv-thumbnail img-none\" alt=\"Traumreise Malawi und Sambia mit Katrin Neidig - Teil 1\" srcset=\"https:\/\/www.afrika.de\/blog\/wp-content\/uploads\/2023\/05\/kayamawa_2013-05-200e1-300x240.jpg\" sizes=\"auto, (max-width: 300px) 100vw, 300px\" \/><\/a>\n<div class=\"pt-cv-title\"><a href=\"https:\/\/www.afrika.de\/blog\/traumreise-malawi-und-sambia-mit-katrin-neidig-teil-1\/\" class=\"_self cvplbd\" target=\"_self\" data-wpel-link=\"internal\">Traumreise Malawi und Sambia mit Katrin Neidig &#8211; Teil 1<\/a><\/div>\n<div class=\"pt-cv-meta-fields\"><span class=\"entry-date\"> <time datetime=\"2023-05-24T14:00:51+02:00\">24. Mai 2023<\/time><\/span><\/div><\/div><\/div><\/div><\/div><\/div>\t\t\t<style type=\"text\/css\" id=\"pt-cv-inline-style-0bfc233rya\">#pt-cv-view-1ddd0330m1.pt-cv-post-border { margin: 0; border-top-width: 1px; border-left-width: 1px }\n#pt-cv-view-1ddd0330m1.pt-cv-post-border { margin: 0; border-top-style: solid; border-left-style: solid }\n#pt-cv-view-1ddd0330m1.pt-cv-post-border { margin: 0; border-top-color: #ececec; border-left-color: #ececec }\n#pt-cv-view-1ddd0330m1.pt-cv-post-border .pt-cv-content-item   { border-right-width: 1px; border-bottom-width: 1px; border-right-style: solid; border-bottom-style: solid; border-right-color: #ececec; border-bottom-color: #ececec; }\n#pt-cv-view-1ddd0330m1 .pt-cv-title a, #pt-cv-view-1ddd0330m1  .panel-title { color: #800f19 !important; font-weight: 600 !important; }\n#pt-cv-view-1ddd0330m1 .pt-cv-carousel-caption  { background-color: rgba(51,51,51,.6) !important; }\n#pt-cv-view-1ddd0330m1 .pt-cv-specialp { background-color: #CC3333 !important }\n#pt-cv-view-1ddd0330m1 .pt-cv-specialp * { color: #fff !important; }\n#pt-cv-view-1ddd0330m1 .pt-cv-pficon  { color: #bbb !important; }\n#pt-cv-view-1ddd0330m1 .pt-cv-readmore  { color: #ffffff !important; background-color: #00aeef !important; }\n#pt-cv-view-1ddd0330m1 .pt-cv-readmore:hover  { color: #ffffff !important; background-color: #00aeef !important; }\n#pt-cv-view-1ddd0330m1  + .pt-cv-pagination-wrapper .pt-cv-more , #pt-cv-view-1ddd0330m1  + .pt-cv-pagination-wrapper .pagination .active a, .pt-cv-pagination[data-sid='1ddd0330m1'] .active a { color: #ffffff !important; background-color: #00aeef !important; }<\/style>\r\n\t\t\t\n<h2>Weitere Informationen<\/h2>\n<p>Holen Sie sich weitere Reiseinformationen ein, bevor Sie nach Malawi reisen.&nbsp;&nbsp;Eine kurze \u00dcbersicht und Empfehlungen f\u00fcr Ihre Unterkunft finden Sie in unserer Rubrik <a href=\"https:\/\/www.afrika.de\/malawi\/\" data-wpel-link=\"exclude\">Malawi-Reisen<\/a>.&nbsp;<\/p>\n<p>Gerne beantworten wir Ihnen weitere Fragen \u00fcber spezielle Malawi-Reisen. Kontaktieren Sie uns daf\u00fcr entweder<\/p>\n<ul>\n<li>per Mail: info(at)afrika.de oder<\/li>\n<li>per Telefon:&nbsp;+49 (0) 2133 26030.<\/li>\n<\/ul>\n<p>Wir freuen uns auf Ihre Anfrage!<\/p>","protected":false},"excerpt":{"rendered":"<p>Der drittgr\u00f6\u00dfte S\u00fc\u00dfwassersee Afrikas ist nur eines der vielen Dinge, die es in Malawi zu entdecken gibt. Erfahren Sie im Blog von Iwanowski&#8217;s mehr \u00fcber Reisetipps, Eindr\u00fccke und Informationen zu aktuellen Entwicklungen. Beliebte Malawi-Artikel im Blog Weitere Informationen Holen Sie sich weitere Reiseinformationen ein, bevor&hellip; <a class=\"read-more\" href=\"https:\/\/www.afrika.de\/blog\/malawi-reisetipps\/\" data-wpel-link=\"internal\">Weiterlesen<\/a><\/p>\n","protected":false},"author":307,"featured_media":0,"parent":0,"menu_order":0,"comment_status":"closed","ping_status":"closed","template":"","meta":{"footnotes":""},"class_list":["post-27290","page","type-page","status-publish","hentry"],"_links":{"self":[{"href":"https:\/\/www.afrika.de\/blog\/wp-json\/wp\/v2\/pages\/27290","targetHints":{"allow":["GET"]}}],"collection":[{"href":"https:\/\/www.afrika.de\/blog\/wp-json\/wp\/v2\/pages"}],"about":[{"href":"https:\/\/www.afrika.de\/blog\/wp-json\/wp\/v2\/types\/page"}],"author":[{"embeddable":true,"href":"https:\/\/www.afrika.de\/blog\/wp-json\/wp\/v2\/users\/307"}],"replies":[{"embeddable":true,"href":"https:\/\/www.afrika.de\/blog\/wp-json\/wp\/v2\/comments?post=27290"}],"version-history":[{"count":7,"href":"https:\/\/www.afrika.de\/blog\/wp-json\/wp\/v2\/pages\/27290\/revisions"}],"predecessor-version":[{"id":27460,"href":"https:\/\/www.afrika.de\/blog\/wp-json\/wp\/v2\/pages\/27290\/revisions\/27460"}],"wp:attachment":[{"href":"https:\/\/www.afrika.de\/blog\/wp-json\/wp\/v2\/media?parent=27290"}],"curies":[{"name":"wp","href":"https:\/\/api.w.org\/{rel}","templated":true}]}}