{"id":27281,"date":"2017-12-15T15:37:40","date_gmt":"2017-12-15T13:37:40","guid":{"rendered":"https:\/\/www.afrika.de\/blog\/?page_id=27281"},"modified":"2018-07-18T12:54:13","modified_gmt":"2018-07-18T10:54:13","slug":"madagaskar-reisetipps","status":"publish","type":"page","link":"https:\/\/www.afrika.de\/blog\/madagaskar-reisetipps\/","title":{"rendered":"Madagaskar Reisetipps"},"content":{"rendered":"<p><img loading=\"lazy\" decoding=\"async\" class=\"alignnone size-full wp-image-27282\" src=\"https:\/\/www.afrika.de\/blog\/wp-content\/uploads\/2017\/12\/madagaskar-reisetipps.jpg\" alt=\"Reisetipps Madagaskar - Iwanowski's Reiseblog\" width=\"720\" height=\"240\" srcset=\"https:\/\/www.afrika.de\/blog\/wp-content\/uploads\/2017\/12\/madagaskar-reisetipps.jpg 720w, https:\/\/www.afrika.de\/blog\/wp-content\/uploads\/2017\/12\/madagaskar-reisetipps-300x100.jpg 300w\" sizes=\"auto, (max-width: 720px) 100vw, 720px\" \/><\/p>\n<p>Madagaskar &#8211; die geheimnisvolle Insel \u00f6stlich von Afrika. Reisetipps, Eindr\u00fccke, Informationen zu aktuellen Entwicklungen und mehr erhalten Sie im Blog von Iwanowski&#8217;s.<\/p>\n<h2>Unsere Blogbeitr\u00e4ge \u00fcber Madagaskar<\/h2>\n<p>Reiseberichte, Informationen zu Flora &amp; Fauna sowie Kultur:<\/p>\n<div class=\"pt-cv-wrapper\"><div class=\"pt-cv-view pt-cv-grid pt-cv-colsys pt-cv-post-border\" id=\"pt-cv-view-7a07e92qw5\"><div data-id=\"pt-cv-page-1\" class=\"pt-cv-page\" data-cvc=\"3\"><div class=\"col-md-4 col-sm-6 col-xs-12 pt-cv-content-item pt-cv-1-col\"  data-pid=\"31883\"><div class='pt-cv-ifield'><a href=\"https:\/\/www.afrika.de\/blog\/lasst-die-tiere-nicht-alleine-ein-appell-zum-thema-fernfluege-von-hermann-rohlfs\/\" class=\"_self pt-cv-href-thumbnail pt-cv-thumb-default cvplbd\" target=\"_self\" data-wpel-link=\"internal\"><img loading=\"lazy\" decoding=\"async\" width=\"300\" height=\"240\" src=\"https:\/\/www.afrika.de\/blog\/wp-content\/uploads\/2019\/10\/Kenia-101bearbjpg-300x240.jpg\" class=\"pt-cv-thumbnail img-none\" alt=\"Lasst die Tiere nicht alleine! Ein Appell zum Thema Fernfl\u00fcge von Hermann Rohlfs\" srcset=\"https:\/\/www.afrika.de\/blog\/wp-content\/uploads\/2019\/10\/Kenia-101bearbjpg-300x240.jpg\" sizes=\"auto, (max-width: 300px) 100vw, 300px\" \/><\/a>\n<div class=\"pt-cv-title\"><a href=\"https:\/\/www.afrika.de\/blog\/lasst-die-tiere-nicht-alleine-ein-appell-zum-thema-fernfluege-von-hermann-rohlfs\/\" class=\"_self cvplbd\" target=\"_self\" data-wpel-link=\"internal\">Lasst die Tiere nicht alleine! Ein Appell zum Thema Fernfl\u00fcge von Hermann Rohlfs<\/a><\/div><\/div><\/div>\n<div class=\"col-md-4 col-sm-6 col-xs-12 pt-cv-content-item pt-cv-1-col\"  data-pid=\"30038\"><div class='pt-cv-ifield'><a href=\"https:\/\/www.afrika.de\/blog\/100-arten-1-phaenomen-die-lemuren-auf-madagaskar\/\" class=\"_self pt-cv-href-thumbnail pt-cv-thumb-default cvplbd\" target=\"_self\" data-wpel-link=\"internal\"><img loading=\"lazy\" decoding=\"async\" width=\"300\" height=\"240\" src=\"https:\/\/www.afrika.de\/blog\/wp-content\/uploads\/2019\/01\/DSCN3754-300x240.jpg\" class=\"pt-cv-thumbnail img-none\" alt=\"100 Arten, 1 Ph\u00e4nomen: die Lemuren auf Madagaskar\" srcset=\"https:\/\/www.afrika.de\/blog\/wp-content\/uploads\/2019\/01\/DSCN3754-300x240.jpg\" sizes=\"auto, (max-width: 300px) 100vw, 300px\" \/><\/a>\n<div class=\"pt-cv-title\"><a href=\"https:\/\/www.afrika.de\/blog\/100-arten-1-phaenomen-die-lemuren-auf-madagaskar\/\" class=\"_self cvplbd\" target=\"_self\" data-wpel-link=\"internal\">100 Arten, 1 Ph\u00e4nomen: die Lemuren auf Madagaskar<\/a><\/div><\/div><\/div>\n<div class=\"col-md-4 col-sm-6 col-xs-12 pt-cv-content-item pt-cv-1-col\"  data-pid=\"28368\"><div class='pt-cv-ifield'><a href=\"https:\/\/www.afrika.de\/blog\/tonga-soa-madagaskar-eine-reise-dorthin-wo-der-pfeffer-waechst\/\" class=\"_self pt-cv-href-thumbnail pt-cv-thumb-default cvplbd\" target=\"_self\" data-wpel-link=\"internal\"><img loading=\"lazy\" decoding=\"async\" width=\"300\" height=\"240\" src=\"https:\/\/www.afrika.de\/blog\/wp-content\/uploads\/2018\/05\/LemurTitel-300x240.jpg\" class=\"pt-cv-thumbnail img-none\" alt=\"Tonga Soa Madagaskar! Eine Reise dorthin, wo der Pfeffer w\u00e4chst\" srcset=\"https:\/\/www.afrika.de\/blog\/wp-content\/uploads\/2018\/05\/LemurTitel-300x240.jpg\" sizes=\"auto, (max-width: 300px) 100vw, 300px\" \/><\/a>\n<div class=\"pt-cv-title\"><a href=\"https:\/\/www.afrika.de\/blog\/tonga-soa-madagaskar-eine-reise-dorthin-wo-der-pfeffer-waechst\/\" class=\"_self cvplbd\" target=\"_self\" data-wpel-link=\"internal\">Tonga Soa Madagaskar! Eine Reise dorthin, wo der Pfeffer w\u00e4chst<\/a><\/div><\/div><\/div>\n<div class=\"col-md-4 col-sm-6 col-xs-12 pt-cv-content-item pt-cv-1-col\"  data-pid=\"19488\"><div class='pt-cv-ifield'><a href=\"https:\/\/www.afrika.de\/blog\/madagaskar-ist-anders-iwanowski-mitarbeiter-und-reisebuchautor-andreas-woelk-war-auf-schatzsuche-im-paradies\/\" class=\"_self pt-cv-href-thumbnail pt-cv-thumb-default cvplbd\" target=\"_self\" data-wpel-link=\"internal\"><img loading=\"lazy\" decoding=\"async\" width=\"300\" height=\"240\" src=\"https:\/\/www.afrika.de\/blog\/wp-content\/uploads\/2015\/07\/DSC01562titel-300x240.jpg\" class=\"pt-cv-thumbnail img-none\" alt=\"Madagaskar Indri Lemure. iwanowski.blog\" srcset=\"https:\/\/www.afrika.de\/blog\/wp-content\/uploads\/2015\/07\/DSC01562titel-300x240.jpg\" sizes=\"auto, (max-width: 240px) 100vw, 240px\" \/><\/a>\n<div class=\"pt-cv-title\"><a href=\"https:\/\/www.afrika.de\/blog\/madagaskar-ist-anders-iwanowski-mitarbeiter-und-reisebuchautor-andreas-woelk-war-auf-schatzsuche-im-paradies\/\" class=\"_self cvplbd\" target=\"_self\" data-wpel-link=\"internal\">\u201eMadagaskar ist anders\u201c &#8211; Iwanowski Mitarbeiter und Reisebuchautor Andreas W\u00f6lk war auf Schatzsuche im Paradies<\/a><\/div><\/div><\/div>\n<div class=\"col-md-4 col-sm-6 col-xs-12 pt-cv-content-item pt-cv-1-col\"  data-pid=\"11128\"><div class='pt-cv-ifield'><a href=\"https:\/\/www.afrika.de\/blog\/madagaskar-reisen-jetzt-neu-bei-iwanowskis-reisen\/\" class=\"_self pt-cv-href-thumbnail pt-cv-thumb-default cvplbd\" target=\"_self\" data-wpel-link=\"internal\"><img loading=\"lazy\" decoding=\"async\" width=\"300\" height=\"240\" src=\"https:\/\/www.afrika.de\/blog\/wp-content\/uploads\/2013\/05\/Norden-9-Blick-auf-Bucht-300x240.jpg\" class=\"pt-cv-thumbnail img-none\" alt=\"Madagaskar Reisen: Jetzt neu im Programm bei Iwanowski\u2019s Reisen\" srcset=\"https:\/\/www.afrika.de\/blog\/wp-content\/uploads\/2013\/05\/Norden-9-Blick-auf-Bucht-300x240.jpg\" sizes=\"auto, (max-width: 300px) 100vw, 300px\" \/><\/a>\n<div class=\"pt-cv-title\"><a href=\"https:\/\/www.afrika.de\/blog\/madagaskar-reisen-jetzt-neu-bei-iwanowskis-reisen\/\" class=\"_self cvplbd\" target=\"_self\" data-wpel-link=\"internal\">Madagaskar Reisen: Jetzt neu im Programm bei Iwanowski\u2019s Reisen<\/a><\/div><\/div><\/div><\/div><\/div><\/div>\t\t\t<style type=\"text\/css\" id=\"pt-cv-inline-style-0cec881qvf\">#pt-cv-view-7a07e92qw5.pt-cv-post-border { margin: 0; border-top-width: 1px; border-left-width: 1px }\n#pt-cv-view-7a07e92qw5.pt-cv-post-border { margin: 0; border-top-style: solid; border-left-style: solid }\n#pt-cv-view-7a07e92qw5.pt-cv-post-border { margin: 0; border-top-color: #ececec; border-left-color: #ececec }\n#pt-cv-view-7a07e92qw5.pt-cv-post-border .pt-cv-content-item   { border-right-width: 1px; border-bottom-width: 1px; border-right-style: solid; border-bottom-style: solid; border-right-color: #ececec; border-bottom-color: #ececec; }\n#pt-cv-view-7a07e92qw5 .pt-cv-title a, #pt-cv-view-7a07e92qw5  .panel-title { color: #800f19 !important; font-weight: 600 !important; }\n#pt-cv-view-7a07e92qw5 .pt-cv-carousel-caption  { background-color: rgba(51,51,51,.6) !important; }\n#pt-cv-view-7a07e92qw5 .pt-cv-specialp { background-color: #CC3333 !important }\n#pt-cv-view-7a07e92qw5 .pt-cv-specialp * { color: #fff !important; }\n#pt-cv-view-7a07e92qw5 .pt-cv-pficon  { color: #bbb !important; }\n#pt-cv-view-7a07e92qw5 .pt-cv-readmore  { color: #ffffff !important; background-color: #00aeef !important; }\n#pt-cv-view-7a07e92qw5 .pt-cv-readmore:hover  { color: #ffffff !important; background-color: #00aeef !important; }\n#pt-cv-view-7a07e92qw5  + .pt-cv-pagination-wrapper .pt-cv-more , #pt-cv-view-7a07e92qw5  + .pt-cv-pagination-wrapper .pagination .active a, .pt-cv-pagination[data-sid='7a07e92qw5'] .active a { color: #ffffff !important; background-color: #00aeef !important; }<\/style>\r\n\t\t\t\n<h2>Weiterf\u00fchrende Hinweise \u00fcber Madagaskar von Iwanowski&#8217;s<\/h2>\n<p>Vor dem Reiseantritt empfehlen wir Ihnen ein Blick in unsere <a href=\"https:\/\/www.afrika.de\/madagaskar\/\" data-wpel-link=\"exclude\">Reiseinformationen f\u00fcr Madagaskar<\/a>. Dort finden Sie wichtige Adressen, Angaben zum Klima, Gesundheits- und Sicherheitshinweise und mehr.<\/p>\n<p>Weitere Fragen zum Land und \u00fcber spezielle <a href=\"https:\/\/www.afrika.de\/madagaskar\/\" target=\"_blank\" rel=\"noopener\" data-wpel-link=\"exclude\">Madagaskar-Reisen<\/a> beantworten wir Ihnen gerne. Kontaktieren Sie uns daf\u00fcr entweder<\/p>\n<ul>\n<li>per Mail: info(at)afrika.de oder<\/li>\n<li>per Telefon:&nbsp;+49 (0) 2133 26030.<\/li>\n<\/ul>\n<p>Wir freuen uns auf Ihre Anfrage!<\/p>\n<p><a href=\"https:\/\/www.afrika.de\/blog\/news\/madagaskar\/\" data-wpel-link=\"internal\">Alle Blogbeitr\u00e4ge \u00fcber Madagaskar in Iwanowski&#8217;s Afrika-Blog.<\/a><\/p>","protected":false},"excerpt":{"rendered":"<p>Madagaskar &#8211; die geheimnisvolle Insel \u00f6stlich von Afrika. Reisetipps, Eindr\u00fccke, Informationen zu aktuellen Entwicklungen und mehr erhalten Sie im Blog von Iwanowski&#8217;s. Unsere Blogbeitr\u00e4ge \u00fcber Madagaskar Reiseberichte, Informationen zu Flora &amp; Fauna sowie Kultur: Weiterf\u00fchrende Hinweise \u00fcber Madagaskar von Iwanowski&#8217;s Vor dem Reiseantritt empfehlen wir&hellip; <a class=\"read-more\" href=\"https:\/\/www.afrika.de\/blog\/madagaskar-reisetipps\/\" data-wpel-link=\"internal\">Weiterlesen<\/a><\/p>\n","protected":false},"author":307,"featured_media":0,"parent":0,"menu_order":0,"comment_status":"closed","ping_status":"closed","template":"","meta":{"footnotes":""},"class_list":["post-27281","page","type-page","status-publish","hentry"],"_links":{"self":[{"href":"https:\/\/www.afrika.de\/blog\/wp-json\/wp\/v2\/pages\/27281","targetHints":{"allow":["GET"]}}],"collection":[{"href":"https:\/\/www.afrika.de\/blog\/wp-json\/wp\/v2\/pages"}],"about":[{"href":"https:\/\/www.afrika.de\/blog\/wp-json\/wp\/v2\/types\/page"}],"author":[{"embeddable":true,"href":"https:\/\/www.afrika.de\/blog\/wp-json\/wp\/v2\/users\/307"}],"replies":[{"embeddable":true,"href":"https:\/\/www.afrika.de\/blog\/wp-json\/wp\/v2\/comments?post=27281"}],"version-history":[{"count":8,"href":"https:\/\/www.afrika.de\/blog\/wp-json\/wp\/v2\/pages\/27281\/revisions"}],"predecessor-version":[{"id":29083,"href":"https:\/\/www.afrika.de\/blog\/wp-json\/wp\/v2\/pages\/27281\/revisions\/29083"}],"wp:attachment":[{"href":"https:\/\/www.afrika.de\/blog\/wp-json\/wp\/v2\/media?parent=27281"}],"curies":[{"name":"wp","href":"https:\/\/api.w.org\/{rel}","templated":true}]}}