{"id":27269,"date":"2017-12-15T15:22:49","date_gmt":"2017-12-15T13:22:49","guid":{"rendered":"https:\/\/www.afrika.de\/blog\/?page_id=27269"},"modified":"2018-07-12T14:11:27","modified_gmt":"2018-07-12T12:11:27","slug":"botswana-reisetipps","status":"publish","type":"page","link":"https:\/\/www.afrika.de\/blog\/botswana-reisetipps\/","title":{"rendered":"Botswana Reisetipps"},"content":{"rendered":"<p><img loading=\"lazy\" decoding=\"async\" class=\"alignnone size-full wp-image-27272\" src=\"https:\/\/www.afrika.de\/blog\/wp-content\/uploads\/2017\/12\/botswana-reisetipps.jpg\" alt=\"Botswana Reisetipps - Iwanowskis Individuelle Reisen\" width=\"720\" height=\"240\" srcset=\"https:\/\/www.afrika.de\/blog\/wp-content\/uploads\/2017\/12\/botswana-reisetipps.jpg 720w, https:\/\/www.afrika.de\/blog\/wp-content\/uploads\/2017\/12\/botswana-reisetipps-300x100.jpg 300w\" sizes=\"auto, (max-width: 720px) 100vw, 720px\" \/><\/p>\n<p>Hier finden Sie hilfreiche Artikel rund um Botswana: Vom Chobe Nationalpark \u00fcber die beste Reisezeit bis hin zu Erlebnisberichten sammeln wir Eindr\u00fccke, geben Einsch\u00e4tzungen zu aktuellen Entwicklungen und verraten Tipps f\u00fcr Ihre Reise.<\/p>\n\n<h2>Botswanas Pflanzen- und Tierwelt<\/h2>\n<div class=\"pt-cv-wrapper\"><div class=\"pt-cv-view pt-cv-grid pt-cv-colsys pt-cv-post-border\" id=\"pt-cv-view-effe594aum\"><div data-id=\"pt-cv-page-1\" class=\"pt-cv-page\" data-cvc=\"3\"><div class=\"col-md-4 col-sm-6 col-xs-12 pt-cv-content-item pt-cv-1-col\"  data-pid=\"33232\"><div class='pt-cv-ifield'><a href=\"https:\/\/www.afrika.de\/blog\/wildpferde\/\" class=\"_self pt-cv-href-thumbnail pt-cv-thumb-default cvplbd\" target=\"_self\" data-wpel-link=\"internal\"><img loading=\"lazy\" decoding=\"async\" width=\"300\" height=\"240\" src=\"https:\/\/www.afrika.de\/blog\/wp-content\/uploads\/2026\/03\/Beitragsbild_Wildpferde-300x240.jpg\" class=\"pt-cv-thumbnail img-none\" alt=\"Lost Places in Namibia: Das Geheimnis der Namib-Wildpferde\" srcset=\"https:\/\/www.afrika.de\/blog\/wp-content\/uploads\/2026\/03\/Beitragsbild_Wildpferde-300x240.jpg\" sizes=\"auto, (max-width: 300px) 100vw, 300px\" \/><\/a>\n<div class=\"pt-cv-title\"><a href=\"https:\/\/www.afrika.de\/blog\/wildpferde\/\" class=\"_self cvplbd\" target=\"_self\" data-wpel-link=\"internal\">Lost Places in Namibia: Das Geheimnis der Namib-Wildpferde<\/a><\/div><\/div><\/div>\n<div class=\"col-md-4 col-sm-6 col-xs-12 pt-cv-content-item pt-cv-1-col\"  data-pid=\"33227\"><div class='pt-cv-ifield'><a href=\"https:\/\/www.afrika.de\/blog\/liebig-haus\/\" class=\"_self pt-cv-href-thumbnail pt-cv-thumb-default cvplbd\" target=\"_self\" data-wpel-link=\"internal\"><img loading=\"lazy\" decoding=\"async\" width=\"300\" height=\"240\" src=\"https:\/\/www.afrika.de\/blog\/wp-content\/uploads\/2026\/03\/Beitragsbild_Liebig_Haus-300x240.jpg\" class=\"pt-cv-thumbnail img-none\" alt=\"Lost Places in Namibia: Das Liebig (Geister-)Haus\" srcset=\"https:\/\/www.afrika.de\/blog\/wp-content\/uploads\/2026\/03\/Beitragsbild_Liebig_Haus-300x240.jpg\" sizes=\"auto, (max-width: 300px) 100vw, 300px\" \/><\/a>\n<div class=\"pt-cv-title\"><a href=\"https:\/\/www.afrika.de\/blog\/liebig-haus\/\" class=\"_self cvplbd\" target=\"_self\" data-wpel-link=\"internal\">Lost Places in Namibia: Das Liebig (Geister-)Haus<\/a><\/div><\/div><\/div>\n<div class=\"col-md-4 col-sm-6 col-xs-12 pt-cv-content-item pt-cv-1-col\"  data-pid=\"33180\"><div class='pt-cv-ifield'><a href=\"https:\/\/www.afrika.de\/blog\/reisepreise\/\" class=\"_self pt-cv-href-thumbnail pt-cv-thumb-default cvplbd\" target=\"_self\" data-wpel-link=\"internal\"><img loading=\"lazy\" decoding=\"async\" width=\"300\" height=\"240\" src=\"https:\/\/www.afrika.de\/blog\/wp-content\/uploads\/2025\/12\/Beitragsbild_Blyde-300x240.jpg\" class=\"pt-cv-thumbnail img-none\" alt=\"Wird es billiger oder teurer? Reisen in das s\u00fcdliche und \u00f6stliche Afrika 2026\" srcset=\"https:\/\/www.afrika.de\/blog\/wp-content\/uploads\/2025\/12\/Beitragsbild_Blyde-300x240.jpg\" sizes=\"auto, (max-width: 300px) 100vw, 300px\" \/><\/a>\n<div class=\"pt-cv-title\"><a href=\"https:\/\/www.afrika.de\/blog\/reisepreise\/\" class=\"_self cvplbd\" target=\"_self\" data-wpel-link=\"internal\">Wird es billiger oder teurer? Reisen in das s\u00fcdliche und \u00f6stliche Afrika 2026<\/a><\/div><\/div><\/div>\n<div class=\"col-md-4 col-sm-6 col-xs-12 pt-cv-content-item pt-cv-1-col\"  data-pid=\"33157\"><div class='pt-cv-ifield'><a href=\"https:\/\/www.afrika.de\/blog\/moremi\/\" class=\"_self pt-cv-href-thumbnail pt-cv-thumb-default cvplbd\" target=\"_self\" data-wpel-link=\"internal\"><img loading=\"lazy\" decoding=\"async\" width=\"300\" height=\"240\" src=\"https:\/\/www.afrika.de\/blog\/wp-content\/uploads\/2025\/11\/Beitragsbild_Moremi-300x240.jpg\" class=\"pt-cv-thumbnail img-none\" alt=\"Eine der sch\u00f6nsten Naturlandschaften Afrikas: Botswanas Moremi Game Reserve\" srcset=\"https:\/\/www.afrika.de\/blog\/wp-content\/uploads\/2025\/11\/Beitragsbild_Moremi-300x240.jpg\" sizes=\"auto, (max-width: 300px) 100vw, 300px\" \/><\/a>\n<div class=\"pt-cv-title\"><a href=\"https:\/\/www.afrika.de\/blog\/moremi\/\" class=\"_self cvplbd\" target=\"_self\" data-wpel-link=\"internal\">Eine der sch\u00f6nsten Naturlandschaften Afrikas: Botswanas Moremi Game Reserve<\/a><\/div><\/div><\/div>\n<div class=\"col-md-4 col-sm-6 col-xs-12 pt-cv-content-item pt-cv-1-col\"  data-pid=\"33115\"><div class='pt-cv-ifield'><a href=\"https:\/\/www.afrika.de\/blog\/einsame-wege\/\" class=\"_self pt-cv-href-thumbnail pt-cv-thumb-default cvplbd\" target=\"_self\" data-wpel-link=\"internal\"><img loading=\"lazy\" decoding=\"async\" width=\"300\" height=\"240\" src=\"https:\/\/www.afrika.de\/blog\/wp-content\/uploads\/2025\/08\/Mokoros-im-Okavango-Delta_300dpi_CMYK-300x300-1-300x240.jpg\" class=\"pt-cv-thumbnail img-none\" alt=\"Botswana: Land f\u00fcr die letzten Abenteurer auf zum Teil sehr einsamen Wegen und F\u00e4hrten\" srcset=\"https:\/\/www.afrika.de\/blog\/wp-content\/uploads\/2025\/08\/Mokoros-im-Okavango-Delta_300dpi_CMYK-300x300-1-300x240.jpg\" sizes=\"auto, (max-width: 240px) 100vw, 240px\" \/><\/a>\n<div class=\"pt-cv-title\"><a href=\"https:\/\/www.afrika.de\/blog\/einsame-wege\/\" class=\"_self cvplbd\" target=\"_self\" data-wpel-link=\"internal\">Botswana: Land f\u00fcr die letzten Abenteurer auf zum Teil sehr einsamen Wegen und F\u00e4hrten<\/a><\/div><\/div><\/div>\n<div class=\"col-md-4 col-sm-6 col-xs-12 pt-cv-content-item pt-cv-1-col\"  data-pid=\"33103\"><div class='pt-cv-ifield'><a href=\"https:\/\/www.afrika.de\/blog\/treesleeper\/\" class=\"_self pt-cv-href-thumbnail pt-cv-thumb-default cvplbd\" target=\"_self\" data-wpel-link=\"internal\"><img loading=\"lazy\" decoding=\"async\" width=\"300\" height=\"240\" src=\"https:\/\/www.afrika.de\/blog\/wp-content\/uploads\/2025\/07\/Treesleeper_Beitragsbild-300x240.jpg\" class=\"pt-cv-thumbnail img-none\" alt=\"Geheimtipp Treesleeper Camp: Namibia abseits der tracks!\" srcset=\"https:\/\/www.afrika.de\/blog\/wp-content\/uploads\/2025\/07\/Treesleeper_Beitragsbild-300x240.jpg\" sizes=\"auto, (max-width: 300px) 100vw, 300px\" \/><\/a>\n<div class=\"pt-cv-title\"><a href=\"https:\/\/www.afrika.de\/blog\/treesleeper\/\" class=\"_self cvplbd\" target=\"_self\" data-wpel-link=\"internal\">Geheimtipp Treesleeper Camp: Namibia abseits der tracks!<\/a><\/div><\/div><\/div>\n<div class=\"col-md-4 col-sm-6 col-xs-12 pt-cv-content-item pt-cv-1-col\"  data-pid=\"33097\"><div class='pt-cv-ifield'><a href=\"https:\/\/www.afrika.de\/blog\/toilettenpapier-trail\/\" class=\"_self pt-cv-href-thumbnail pt-cv-thumb-default cvplbd\" target=\"_self\" data-wpel-link=\"internal\"><img loading=\"lazy\" decoding=\"async\" width=\"300\" height=\"240\" src=\"https:\/\/www.afrika.de\/blog\/wp-content\/uploads\/2025\/07\/BotswanaKlopapier_Beitragsbild-300x240.jpg\" class=\"pt-cv-thumbnail img-none\" alt=\"Navigation mit Toilettenpapier?\" srcset=\"https:\/\/www.afrika.de\/blog\/wp-content\/uploads\/2025\/07\/BotswanaKlopapier_Beitragsbild-300x240.jpg\" sizes=\"auto, (max-width: 300px) 100vw, 300px\" \/><\/a>\n<div class=\"pt-cv-title\"><a href=\"https:\/\/www.afrika.de\/blog\/toilettenpapier-trail\/\" class=\"_self cvplbd\" target=\"_self\" data-wpel-link=\"internal\">Navigation mit Toilettenpapier?<\/a><\/div><\/div><\/div>\n<div class=\"col-md-4 col-sm-6 col-xs-12 pt-cv-content-item pt-cv-1-col\"  data-pid=\"33094\"><div class='pt-cv-ifield'><a href=\"https:\/\/www.afrika.de\/blog\/botswana-binnendelta\/\" class=\"_self pt-cv-href-thumbnail pt-cv-thumb-default cvplbd\" target=\"_self\" data-wpel-link=\"internal\"><img loading=\"lazy\" decoding=\"async\" width=\"300\" height=\"240\" src=\"https:\/\/www.afrika.de\/blog\/wp-content\/uploads\/2025\/07\/BeitragsbildIntro_Botswana-300x240.jpg\" class=\"pt-cv-thumbnail img-none\" alt=\"Botswana: Im Land des gr\u00f6\u00dften Binnendeltas Afrikas\" srcset=\"https:\/\/www.afrika.de\/blog\/wp-content\/uploads\/2025\/07\/BeitragsbildIntro_Botswana-300x240.jpg\" sizes=\"auto, (max-width: 300px) 100vw, 300px\" \/><\/a>\n<div class=\"pt-cv-title\"><a href=\"https:\/\/www.afrika.de\/blog\/botswana-binnendelta\/\" class=\"_self cvplbd\" target=\"_self\" data-wpel-link=\"internal\">Botswana: Im Land des gr\u00f6\u00dften Binnendeltas Afrikas<\/a><\/div><\/div><\/div>\n<div class=\"col-md-4 col-sm-6 col-xs-12 pt-cv-content-item pt-cv-1-col\"  data-pid=\"33041\"><div class='pt-cv-ifield'><a href=\"https:\/\/www.afrika.de\/blog\/sabi-sabi-earth-lodge-ein-ort-an-dem-die-seele-aufatmet\/\" class=\"_self pt-cv-href-thumbnail pt-cv-thumb-default cvplbd\" target=\"_self\" data-wpel-link=\"internal\"><img loading=\"lazy\" decoding=\"async\" width=\"300\" height=\"240\" src=\"https:\/\/www.afrika.de\/blog\/wp-content\/uploads\/2025\/02\/Suedafrika-Sabi-Sand-Game-Reserve-Pirschfahrt-300x240.jpg\" class=\"pt-cv-thumbnail img-none\" alt=\"Sabi Sabi Earth Lodge \u2013 Ein Ort, an dem die Seele aufatmet\" srcset=\"https:\/\/www.afrika.de\/blog\/wp-content\/uploads\/2025\/02\/Suedafrika-Sabi-Sand-Game-Reserve-Pirschfahrt-300x240.jpg\" sizes=\"auto, (max-width: 300px) 100vw, 300px\" \/><\/a>\n<div class=\"pt-cv-title\"><a href=\"https:\/\/www.afrika.de\/blog\/sabi-sabi-earth-lodge-ein-ort-an-dem-die-seele-aufatmet\/\" class=\"_self cvplbd\" target=\"_self\" data-wpel-link=\"internal\">Sabi Sabi Earth Lodge \u2013 Ein Ort, an dem die Seele aufatmet<\/a><\/div><\/div><\/div><\/div><\/div><\/div>\t\t\t<style type=\"text\/css\" id=\"pt-cv-inline-style-69da80eyub\">#pt-cv-view-effe594aum.pt-cv-post-border { margin: 0; border-top-width: 1px; border-left-width: 1px }\n#pt-cv-view-effe594aum.pt-cv-post-border { margin: 0; border-top-style: solid; border-left-style: solid }\n#pt-cv-view-effe594aum.pt-cv-post-border { margin: 0; border-top-color: #ececec; border-left-color: #ececec }\n#pt-cv-view-effe594aum.pt-cv-post-border .pt-cv-content-item   { border-right-width: 1px; border-bottom-width: 1px; border-right-style: solid; border-bottom-style: solid; border-right-color: #ececec; border-bottom-color: #ececec; }\n#pt-cv-view-effe594aum .pt-cv-title a, #pt-cv-view-effe594aum  .panel-title { color: #800f19 !important; font-weight: 600 !important; }\n#pt-cv-view-effe594aum .pt-cv-carousel-caption  { background-color: rgba(51,51,51,.6) !important; }\n#pt-cv-view-effe594aum .pt-cv-specialp { background-color: #CC3333 !important }\n#pt-cv-view-effe594aum .pt-cv-specialp * { color: #fff !important; }\n#pt-cv-view-effe594aum .pt-cv-pficon  { color: #bbb !important; }\n#pt-cv-view-effe594aum .pt-cv-readmore  { color: #ffffff !important; background-color: #00aeef !important; }\n#pt-cv-view-effe594aum .pt-cv-readmore:hover  { color: #ffffff !important; background-color: #00aeef !important; }\n#pt-cv-view-effe594aum  + .pt-cv-pagination-wrapper .pt-cv-more , #pt-cv-view-effe594aum  + .pt-cv-pagination-wrapper .pagination .active a, .pt-cv-pagination[data-sid='effe594aum'] .active a { color: #ffffff !important; background-color: #00aeef !important; }<\/style>\r\n\t\t\t\n<h2>Unterk\u00fcnfte und \u00dcbernachtungen in Botswana: Tipps und Hinweise<\/h2>\n<div class=\"pt-cv-wrapper\"><div class=\"pt-cv-view pt-cv-grid pt-cv-colsys pt-cv-post-border\" id=\"pt-cv-view-2c84c75sfm\"><div data-id=\"pt-cv-page-1\" class=\"pt-cv-page\" data-cvc=\"3\"><div class=\"col-md-4 col-sm-6 col-xs-12 pt-cv-content-item pt-cv-1-col\"  data-pid=\"32899\"><div class='pt-cv-ifield'><a href=\"https:\/\/www.afrika.de\/blog\/uebernachten-im-zelt-was-heisst-das-eigentlich\/\" class=\"_self pt-cv-href-thumbnail pt-cv-thumb-default cvplbd\" target=\"_self\" data-wpel-link=\"internal\"><img loading=\"lazy\" decoding=\"async\" width=\"300\" height=\"240\" src=\"https:\/\/www.afrika.de\/blog\/wp-content\/uploads\/2023\/08\/Tansania-Ronjo-Camp-Safarizelt-300x240.jpg\" class=\"pt-cv-thumbnail img-none\" alt=\"\u00dcbernachten im Zelt: Was hei\u00dft das eigentlich?\" srcset=\"https:\/\/www.afrika.de\/blog\/wp-content\/uploads\/2023\/08\/Tansania-Ronjo-Camp-Safarizelt-300x240.jpg\" sizes=\"auto, (max-width: 300px) 100vw, 300px\" \/><\/a>\n<div class=\"pt-cv-title\"><a href=\"https:\/\/www.afrika.de\/blog\/uebernachten-im-zelt-was-heisst-das-eigentlich\/\" class=\"_self cvplbd\" target=\"_self\" data-wpel-link=\"internal\">\u00dcbernachten im Zelt: Was hei\u00dft das eigentlich?<\/a><\/div><\/div><\/div>\n<div class=\"col-md-4 col-sm-6 col-xs-12 pt-cv-content-item pt-cv-1-col\"  data-pid=\"32704\"><div class='pt-cv-ifield'><a href=\"https:\/\/www.afrika.de\/blog\/teil-1-unterwegs-im-wildtier-paradies\/\" class=\"_self pt-cv-href-thumbnail pt-cv-thumb-default cvplbd\" target=\"_self\" data-wpel-link=\"internal\"><img loading=\"lazy\" decoding=\"async\" width=\"300\" height=\"240\" src=\"https:\/\/www.afrika.de\/blog\/wp-content\/uploads\/2022\/11\/Botswana-Khwai-Leadwood-Camp-Luftaufnahme-300x240.jpg\" class=\"pt-cv-thumbnail img-none\" alt=\"Unterwegs im Wildtier-Paradies mit Birgit Engfer - Reiseberaterin bei Iwanowski&#039;s Reisen (Teil 1)\" srcset=\"https:\/\/www.afrika.de\/blog\/wp-content\/uploads\/2022\/11\/Botswana-Khwai-Leadwood-Camp-Luftaufnahme-300x240.jpg\" sizes=\"auto, (max-width: 300px) 100vw, 300px\" \/><\/a>\n<div class=\"pt-cv-title\"><a href=\"https:\/\/www.afrika.de\/blog\/teil-1-unterwegs-im-wildtier-paradies\/\" class=\"_self cvplbd\" target=\"_self\" data-wpel-link=\"internal\">Unterwegs im Wildtier-Paradies mit Birgit Engfer &#8211; Reiseberaterin bei Iwanowski&#8217;s Reisen (Teil 1)<\/a><\/div><\/div><\/div>\n<div class=\"col-md-4 col-sm-6 col-xs-12 pt-cv-content-item pt-cv-1-col\"  data-pid=\"32024\"><div class='pt-cv-ifield'><a href=\"https:\/\/www.afrika.de\/blog\/safari-durch-drei-laender-im-suedlichen-afrika-suedafrika-simbabwe-und-botswana\/\" class=\"_self pt-cv-href-thumbnail pt-cv-thumb-default cvplbd\" target=\"_self\" data-wpel-link=\"internal\"><img loading=\"lazy\" decoding=\"async\" width=\"300\" height=\"240\" src=\"https:\/\/www.afrika.de\/blog\/wp-content\/uploads\/2020\/01\/DSCN3372Titel-300x240.jpg\" class=\"pt-cv-thumbnail img-none\" alt=\"Safari durch drei L\u00e4nder im S\u00fcdlichen Afrika \u2013 S\u00fcdafrika, Simbabwe und Botswana\" srcset=\"https:\/\/www.afrika.de\/blog\/wp-content\/uploads\/2020\/01\/DSCN3372Titel-300x240.jpg\" sizes=\"auto, (max-width: 300px) 100vw, 300px\" \/><\/a>\n<div class=\"pt-cv-title\"><a href=\"https:\/\/www.afrika.de\/blog\/safari-durch-drei-laender-im-suedlichen-afrika-suedafrika-simbabwe-und-botswana\/\" class=\"_self cvplbd\" target=\"_self\" data-wpel-link=\"internal\">Safari durch drei L\u00e4nder im S\u00fcdlichen Afrika \u2013 S\u00fcdafrika, Simbabwe und Botswana<\/a><\/div><\/div><\/div>\n<div class=\"col-md-4 col-sm-6 col-xs-12 pt-cv-content-item pt-cv-1-col\"  data-pid=\"31364\"><div class='pt-cv-ifield'><a href=\"https:\/\/www.afrika.de\/blog\/auf-neuen-pfaden-durch-suedafrika-und-botswana-teil-2\/\" class=\"_self pt-cv-href-thumbnail pt-cv-thumb-default cvplbd\" target=\"_self\" data-wpel-link=\"internal\"><img loading=\"lazy\" decoding=\"async\" width=\"300\" height=\"240\" src=\"https:\/\/www.afrika.de\/blog\/wp-content\/uploads\/2019\/06\/NAIS7265-e1560853486121-300x240.jpg\" class=\"pt-cv-thumbnail img-none\" alt=\"Auf neuen Pfaden durch S\u00fcdafrika und Botswana | Teil 2\" \/><\/a>\n<div class=\"pt-cv-title\"><a href=\"https:\/\/www.afrika.de\/blog\/auf-neuen-pfaden-durch-suedafrika-und-botswana-teil-2\/\" class=\"_self cvplbd\" target=\"_self\" data-wpel-link=\"internal\">Auf neuen Pfaden durch S\u00fcdafrika und Botswana | Teil 2<\/a><\/div><\/div><\/div>\n<div class=\"col-md-4 col-sm-6 col-xs-12 pt-cv-content-item pt-cv-1-col\"  data-pid=\"20217\"><div class='pt-cv-ifield'><a href=\"https:\/\/www.afrika.de\/blog\/botswana-traumhafte-lage-an-einer-lagune-das-mopiri-camp-im-nordwesten-des-okavango-delta\/\" class=\"_self pt-cv-href-thumbnail pt-cv-thumb-default cvplbd\" target=\"_self\" data-wpel-link=\"internal\"><img loading=\"lazy\" decoding=\"async\" width=\"300\" height=\"240\" src=\"https:\/\/www.afrika.de\/blog\/wp-content\/uploads\/2015\/10\/Mopiri-Camp-300x240.jpg\" class=\"pt-cv-thumbnail img-none\" alt=\"Mopiri Camp Botswana. iwanowski.blog\" srcset=\"https:\/\/www.afrika.de\/blog\/wp-content\/uploads\/2015\/10\/Mopiri-Camp-300x240.jpg\" sizes=\"auto, (max-width: 240px) 100vw, 240px\" \/><\/a>\n<div class=\"pt-cv-title\"><a href=\"https:\/\/www.afrika.de\/blog\/botswana-traumhafte-lage-an-einer-lagune-das-mopiri-camp-im-nordwesten-des-okavango-delta\/\" class=\"_self cvplbd\" target=\"_self\" data-wpel-link=\"internal\">Botswana: Traumhafte Lage an einer Lagune &#8211; Das Mopiri Camp im Nordwesten des Okavango-Delta<\/a><\/div><\/div><\/div>\n<div class=\"col-md-4 col-sm-6 col-xs-12 pt-cv-content-item pt-cv-1-col\"  data-pid=\"18627\"><div class='pt-cv-ifield'><a href=\"https:\/\/www.afrika.de\/blog\/botswana-sundowner-rezept-des-machaba-camp-im-okavango-delta\/\" class=\"_self pt-cv-href-thumbnail pt-cv-thumb-default cvplbd\" target=\"_self\" data-wpel-link=\"internal\"><img loading=\"lazy\" decoding=\"async\" width=\"300\" height=\"240\" src=\"https:\/\/www.afrika.de\/blog\/wp-content\/uploads\/2015\/03\/Machaba-Camp1-TMS-300x240.png\" class=\"pt-cv-thumbnail img-none\" alt=\"Botswana: Sundowner-Rezept des Machaba Camp im Okavango-Delta\" srcset=\"https:\/\/www.afrika.de\/blog\/wp-content\/uploads\/2015\/03\/Machaba-Camp1-TMS-300x240.png\" sizes=\"auto, (max-width: 240px) 100vw, 240px\" \/><\/a>\n<div class=\"pt-cv-title\"><a href=\"https:\/\/www.afrika.de\/blog\/botswana-sundowner-rezept-des-machaba-camp-im-okavango-delta\/\" class=\"_self cvplbd\" target=\"_self\" data-wpel-link=\"internal\">Botswana: Sundowner-Rezept des Machaba Camp im Okavango-Delta<\/a><\/div><\/div><\/div><\/div><\/div><\/div>\t\t\t<style type=\"text\/css\" id=\"pt-cv-inline-style-53bec76jcb\">#pt-cv-view-2c84c75sfm.pt-cv-post-border { margin: 0; border-top-width: 1px; border-left-width: 1px }\n#pt-cv-view-2c84c75sfm.pt-cv-post-border { margin: 0; border-top-style: solid; border-left-style: solid }\n#pt-cv-view-2c84c75sfm.pt-cv-post-border { margin: 0; border-top-color: #ececec; border-left-color: #ececec }\n#pt-cv-view-2c84c75sfm.pt-cv-post-border .pt-cv-content-item   { border-right-width: 1px; border-bottom-width: 1px; border-right-style: solid; border-bottom-style: solid; border-right-color: #ececec; border-bottom-color: #ececec; }\n#pt-cv-view-2c84c75sfm .pt-cv-title a, #pt-cv-view-2c84c75sfm  .panel-title { color: #800f19 !important; font-weight: 600 !important; }\n#pt-cv-view-2c84c75sfm .pt-cv-carousel-caption  { background-color: rgba(51,51,51,.6) !important; }\n#pt-cv-view-2c84c75sfm .pt-cv-specialp { background-color: #CC3333 !important }\n#pt-cv-view-2c84c75sfm .pt-cv-specialp * { color: #fff !important; }\n#pt-cv-view-2c84c75sfm .pt-cv-pficon  { color: #bbb !important; }\n#pt-cv-view-2c84c75sfm .pt-cv-readmore  { color: #ffffff !important; background-color: #00aeef !important; }\n#pt-cv-view-2c84c75sfm .pt-cv-readmore:hover  { color: #ffffff !important; background-color: #00aeef !important; }\n#pt-cv-view-2c84c75sfm  + .pt-cv-pagination-wrapper .pt-cv-more , #pt-cv-view-2c84c75sfm  + .pt-cv-pagination-wrapper .pagination .active a, .pt-cv-pagination[data-sid='2c84c75sfm'] .active a { color: #ffffff !important; background-color: #00aeef !important; }<\/style>\r\n\t\t\t\n<h2>Weitere Informationen \u00fcber Botswana<\/h2>\n<p>Vor dem Reiseantritt empfehlen wir Ihnen, sich zus\u00e4tzlich zu informieren. Die von uns zusammengetragenen <a href=\"https:\/\/www.afrika.de\/botswana\/reiseinformationen-botswana\/\" data-wpel-link=\"exclude\">Reiseinformationen zu Botswana<\/a> geben Aufschluss \u00fcber wichtige Adressen und Kontaktdaten, Sicherheitshinweise, Gesundheitsvorschriften und nat\u00fcrlich auch weitere Tipps zu Sehensw\u00fcrdigkeiten.<\/p>\n<p>Falls Fragen offen bleiben, stehen wir Ihnen nat\u00fcrlich gerne zur Verf\u00fcgung, wenn Sie bei der Planung Ihre <a href=\"https:\/\/www.afrika.de\/botswana\/\" data-wpel-link=\"exclude\">Botswana-Reisen<\/a> andere Anliegen haben. Kontaktieren Sie uns<\/p>\n<ul>\n<li>per Mail: info(at)afrika.de oder<\/li>\n<li>rufen Sie uns an: +49 (0) 2133 26030.<\/li>\n<\/ul>\n<a class=\"standard-btn grey-btn\" href=\"https:\/\/www.afrika.de\/blog\/news\/botswana\/\" data-wpel-link=\"internal\"><span>Alle Artikel \u00fcber Botswana auf dem Afrika-Blog<\/span><\/a>","protected":false},"excerpt":{"rendered":"<p>Hier finden Sie hilfreiche Artikel rund um Botswana: Vom Chobe Nationalpark \u00fcber die beste Reisezeit bis hin zu Erlebnisberichten sammeln wir Eindr\u00fccke, geben Einsch\u00e4tzungen zu aktuellen Entwicklungen und verraten Tipps f\u00fcr Ihre Reise. Botswanas Pflanzen- und Tierwelt Unterk\u00fcnfte und \u00dcbernachtungen in Botswana: Tipps und Hinweise&hellip; <a class=\"read-more\" href=\"https:\/\/www.afrika.de\/blog\/botswana-reisetipps\/\" data-wpel-link=\"internal\">Weiterlesen<\/a><\/p>\n","protected":false},"author":307,"featured_media":0,"parent":0,"menu_order":0,"comment_status":"closed","ping_status":"closed","template":"","meta":{"footnotes":""},"class_list":["post-27269","page","type-page","status-publish","hentry"],"_links":{"self":[{"href":"https:\/\/www.afrika.de\/blog\/wp-json\/wp\/v2\/pages\/27269","targetHints":{"allow":["GET"]}}],"collection":[{"href":"https:\/\/www.afrika.de\/blog\/wp-json\/wp\/v2\/pages"}],"about":[{"href":"https:\/\/www.afrika.de\/blog\/wp-json\/wp\/v2\/types\/page"}],"author":[{"embeddable":true,"href":"https:\/\/www.afrika.de\/blog\/wp-json\/wp\/v2\/users\/307"}],"replies":[{"embeddable":true,"href":"https:\/\/www.afrika.de\/blog\/wp-json\/wp\/v2\/comments?post=27269"}],"version-history":[{"count":5,"href":"https:\/\/www.afrika.de\/blog\/wp-json\/wp\/v2\/pages\/27269\/revisions"}],"predecessor-version":[{"id":29044,"href":"https:\/\/www.afrika.de\/blog\/wp-json\/wp\/v2\/pages\/27269\/revisions\/29044"}],"wp:attachment":[{"href":"https:\/\/www.afrika.de\/blog\/wp-json\/wp\/v2\/media?parent=27269"}],"curies":[{"name":"wp","href":"https:\/\/api.w.org\/{rel}","templated":true}]}}