{"id":27264,"date":"2017-12-15T15:37:40","date_gmt":"2017-12-15T13:37:40","guid":{"rendered":"https:\/\/www.afrika.de\/blog\/?page_id=27264"},"modified":"2018-07-18T09:29:29","modified_gmt":"2018-07-18T07:29:29","slug":"aethiopien-reisetipps","status":"publish","type":"page","link":"https:\/\/www.afrika.de\/blog\/aethiopien-reisetipps\/","title":{"rendered":"\u00c4thiopien Reisetipps"},"content":{"rendered":"<p><img loading=\"lazy\" decoding=\"async\" class=\"alignnone size-full wp-image-27267\" src=\"https:\/\/www.afrika.de\/blog\/wp-content\/uploads\/2017\/12\/aethiopien-reisetipps.jpg\" alt=\"\u00c4thiopien Reisetipps - Iwanowski's Individuellen Reisen\" width=\"720\" height=\"240\" srcset=\"https:\/\/www.afrika.de\/blog\/wp-content\/uploads\/2017\/12\/aethiopien-reisetipps.jpg 720w, https:\/\/www.afrika.de\/blog\/wp-content\/uploads\/2017\/12\/aethiopien-reisetipps-300x100.jpg 300w\" sizes=\"auto, (max-width: 720px) 100vw, 720px\" \/><\/p>\n<p>F\u00fcr Ihre gelungene \u00c4thiopien-Reise finden Sie hier wichtige, interessante und aktuelle Reisetipps.<\/p>\n\n<h2>Beitr\u00e4ge zur Kultur in \u00c4thiopien<\/h2>\n<div class=\"pt-cv-wrapper\"><div class=\"pt-cv-view pt-cv-grid pt-cv-colsys pt-cv-post-border\" id=\"pt-cv-view-319e237upq\"><div data-id=\"pt-cv-page-1\" class=\"pt-cv-page\" data-cvc=\"3\"><div class=\"col-md-4 col-sm-6 col-xs-12 pt-cv-content-item pt-cv-1-col\"  data-pid=\"31883\"><div class='pt-cv-ifield'><a href=\"https:\/\/www.afrika.de\/blog\/lasst-die-tiere-nicht-alleine-ein-appell-zum-thema-fernfluege-von-hermann-rohlfs\/\" class=\"_self pt-cv-href-thumbnail pt-cv-thumb-default cvplbd\" target=\"_self\" data-wpel-link=\"internal\"><img loading=\"lazy\" decoding=\"async\" width=\"300\" height=\"240\" src=\"https:\/\/www.afrika.de\/blog\/wp-content\/uploads\/2019\/10\/Kenia-101bearbjpg-300x240.jpg\" class=\"pt-cv-thumbnail img-none\" alt=\"Lasst die Tiere nicht alleine! Ein Appell zum Thema Fernfl\u00fcge von Hermann Rohlfs\" srcset=\"https:\/\/www.afrika.de\/blog\/wp-content\/uploads\/2019\/10\/Kenia-101bearbjpg-300x240.jpg\" sizes=\"auto, (max-width: 300px) 100vw, 300px\" \/><\/a>\n<div class=\"pt-cv-title\"><a href=\"https:\/\/www.afrika.de\/blog\/lasst-die-tiere-nicht-alleine-ein-appell-zum-thema-fernfluege-von-hermann-rohlfs\/\" class=\"_self cvplbd\" target=\"_self\" data-wpel-link=\"internal\">Lasst die Tiere nicht alleine! Ein Appell zum Thema Fernfl\u00fcge von Hermann Rohlfs<\/a><\/div><\/div><\/div>\n<div class=\"col-md-4 col-sm-6 col-xs-12 pt-cv-content-item pt-cv-1-col\"  data-pid=\"18224\"><div class='pt-cv-ifield'><a href=\"https:\/\/www.afrika.de\/blog\/aethiopien-ein-besonderes-reiseziel-in-afrika-wissenswertes-zur-religion\/\" class=\"_self pt-cv-href-thumbnail pt-cv-thumb-default cvplbd\" target=\"_self\" data-wpel-link=\"internal\"><img loading=\"lazy\" decoding=\"async\" width=\"300\" height=\"240\" src=\"https:\/\/www.afrika.de\/blog\/wp-content\/uploads\/2015\/01\/\u00c4thiopien_Religion_Waltzinger_IMG_0897-300x240.jpg\" class=\"pt-cv-thumbnail img-none\" alt=\"\u00c4thiopien: Ein besonderes Reiseziel in Afrika - Wissenswertes zur Religion\" srcset=\"https:\/\/www.afrika.de\/blog\/wp-content\/uploads\/2015\/01\/\u00c4thiopien_Religion_Waltzinger_IMG_0897-300x240.jpg\" sizes=\"auto, (max-width: 240px) 100vw, 240px\" \/><\/a>\n<div class=\"pt-cv-title\"><a href=\"https:\/\/www.afrika.de\/blog\/aethiopien-ein-besonderes-reiseziel-in-afrika-wissenswertes-zur-religion\/\" class=\"_self cvplbd\" target=\"_self\" data-wpel-link=\"internal\">\u00c4thiopien: Ein besonderes Reiseziel in Afrika &#8211; Wissenswertes zur Religion<\/a><\/div><\/div><\/div>\n<div class=\"col-md-4 col-sm-6 col-xs-12 pt-cv-content-item pt-cv-1-col\"  data-pid=\"13465\"><div class='pt-cv-ifield'><a href=\"https:\/\/www.afrika.de\/blog\/aethiopien-enkutatash-aethiopisches-neujahr-und-das-ende-der-regenzeit\/\" class=\"_self pt-cv-href-thumbnail pt-cv-thumb-default cvplbd\" target=\"_self\" data-wpel-link=\"internal\"><img loading=\"lazy\" decoding=\"async\" width=\"300\" height=\"240\" src=\"https:\/\/www.afrika.de\/blog\/wp-content\/uploads\/2013\/08\/\u00c4thiopien-Bahir-Dar-Ura-Kidane-Miret-1-1024x682-300x240.jpg\" class=\"pt-cv-thumbnail img-none\" alt=\"\u00c4thiopien: Enkutatash - \u00c4thiopisches Neujahr und das Ende der Regenzeit\" srcset=\"https:\/\/www.afrika.de\/blog\/wp-content\/uploads\/2013\/08\/\u00c4thiopien-Bahir-Dar-Ura-Kidane-Miret-1-1024x682-300x240.jpg\" sizes=\"auto, (max-width: 300px) 100vw, 300px\" \/><\/a>\n<div class=\"pt-cv-title\"><a href=\"https:\/\/www.afrika.de\/blog\/aethiopien-enkutatash-aethiopisches-neujahr-und-das-ende-der-regenzeit\/\" class=\"_self cvplbd\" target=\"_self\" data-wpel-link=\"internal\">\u00c4thiopien: Enkutatash &#8211; \u00c4thiopisches Neujahr und das Ende der Regenzeit<\/a><\/div><\/div><\/div>\n<div class=\"col-md-4 col-sm-6 col-xs-12 pt-cv-content-item pt-cv-1-col\"  data-pid=\"10615\"><div class='pt-cv-ifield'><a href=\"https:\/\/www.afrika.de\/blog\/athiopien-osterfest-ist-eines-der-wichtigsten-feiertage-im-jahr\/\" class=\"_self pt-cv-href-thumbnail pt-cv-thumb-default cvplbd\" target=\"_self\" data-wpel-link=\"internal\"><img loading=\"lazy\" decoding=\"async\" width=\"300\" height=\"240\" src=\"https:\/\/www.afrika.de\/blog\/wp-content\/uploads\/2013\/02\/Lalibela-Felsenkirche-St-Georg-300x240.jpg\" class=\"pt-cv-thumbnail img-none\" alt=\"\u00c4thiopien: Ostern geh\u00f6rt zu den wichtigsten Feiertagen\" srcset=\"https:\/\/www.afrika.de\/blog\/wp-content\/uploads\/2013\/02\/Lalibela-Felsenkirche-St-Georg-300x240.jpg\" sizes=\"auto, (max-width: 300px) 100vw, 300px\" \/><\/a>\n<div class=\"pt-cv-title\"><a href=\"https:\/\/www.afrika.de\/blog\/athiopien-osterfest-ist-eines-der-wichtigsten-feiertage-im-jahr\/\" class=\"_self cvplbd\" target=\"_self\" data-wpel-link=\"internal\">\u00c4thiopien: Ostern geh\u00f6rt zu den wichtigsten Feiertagen<\/a><\/div><\/div><\/div><\/div><\/div><\/div>\t\t\t<style type=\"text\/css\" id=\"pt-cv-inline-style-04312d6cs3\">#pt-cv-view-319e237upq.pt-cv-post-border { margin: 0; border-top-width: 1px; border-left-width: 1px }\n#pt-cv-view-319e237upq.pt-cv-post-border { margin: 0; border-top-style: solid; border-left-style: solid }\n#pt-cv-view-319e237upq.pt-cv-post-border { margin: 0; border-top-color: #ececec; border-left-color: #ececec }\n#pt-cv-view-319e237upq.pt-cv-post-border .pt-cv-content-item   { border-right-width: 1px; border-bottom-width: 1px; border-right-style: solid; border-bottom-style: solid; border-right-color: #ececec; border-bottom-color: #ececec; }\n#pt-cv-view-319e237upq .pt-cv-title a, #pt-cv-view-319e237upq  .panel-title { color: #800f19 !important; font-weight: 600 !important; }\n#pt-cv-view-319e237upq .pt-cv-carousel-caption  { background-color: rgba(51,51,51,.6) !important; }\n#pt-cv-view-319e237upq .pt-cv-specialp { background-color: #CC3333 !important }\n#pt-cv-view-319e237upq .pt-cv-specialp * { color: #fff !important; }\n#pt-cv-view-319e237upq .pt-cv-pficon  { color: #bbb !important; }\n#pt-cv-view-319e237upq .pt-cv-readmore  { color: #ffffff !important; background-color: #00aeef !important; }\n#pt-cv-view-319e237upq .pt-cv-readmore:hover  { color: #ffffff !important; background-color: #00aeef !important; }\n#pt-cv-view-319e237upq  + .pt-cv-pagination-wrapper .pt-cv-more , #pt-cv-view-319e237upq  + .pt-cv-pagination-wrapper .pagination .active a, .pt-cv-pagination[data-sid='319e237upq'] .active a { color: #ffffff !important; background-color: #00aeef !important; }<\/style>\r\n\t\t\t\n<h2>\u00c4thiopiens Pflanzen- und Tierwelt<\/h2>\n<div class=\"pt-cv-wrapper\"><div class=\"pt-cv-view pt-cv-grid pt-cv-colsys pt-cv-post-border\" id=\"pt-cv-view-dbc1d48jtk\"><div data-id=\"pt-cv-page-1\" class=\"pt-cv-page\" data-cvc=\"3\"><div class=\"col-md-4 col-sm-6 col-xs-12 pt-cv-content-item pt-cv-1-col\"  data-pid=\"31883\"><div class='pt-cv-ifield'><a href=\"https:\/\/www.afrika.de\/blog\/lasst-die-tiere-nicht-alleine-ein-appell-zum-thema-fernfluege-von-hermann-rohlfs\/\" class=\"_self pt-cv-href-thumbnail pt-cv-thumb-default cvplbd\" target=\"_self\" data-wpel-link=\"internal\"><img loading=\"lazy\" decoding=\"async\" width=\"300\" height=\"240\" src=\"https:\/\/www.afrika.de\/blog\/wp-content\/uploads\/2019\/10\/Kenia-101bearbjpg-300x240.jpg\" class=\"pt-cv-thumbnail img-none\" alt=\"Lasst die Tiere nicht alleine! Ein Appell zum Thema Fernfl\u00fcge von Hermann Rohlfs\" srcset=\"https:\/\/www.afrika.de\/blog\/wp-content\/uploads\/2019\/10\/Kenia-101bearbjpg-300x240.jpg\" sizes=\"auto, (max-width: 300px) 100vw, 300px\" \/><\/a>\n<div class=\"pt-cv-title\"><a href=\"https:\/\/www.afrika.de\/blog\/lasst-die-tiere-nicht-alleine-ein-appell-zum-thema-fernfluege-von-hermann-rohlfs\/\" class=\"_self cvplbd\" target=\"_self\" data-wpel-link=\"internal\">Lasst die Tiere nicht alleine! Ein Appell zum Thema Fernfl\u00fcge von Hermann Rohlfs<\/a><\/div><\/div><\/div>\n<div class=\"col-md-4 col-sm-6 col-xs-12 pt-cv-content-item pt-cv-1-col\"  data-pid=\"6338\"><div class='pt-cv-ifield'><a href=\"https:\/\/www.afrika.de\/blog\/athiopien-erstmals-lowen-in-afrikanischer-regenwaldregion-dokumentiert\/\" class=\"_self pt-cv-href-thumbnail pt-cv-thumb-default cvplbd\" target=\"_self\" data-wpel-link=\"internal\"><img loading=\"lazy\" decoding=\"async\" width=\"300\" height=\"240\" src=\"https:\/\/www.afrika.de\/blog\/wp-content\/uploads\/2012\/08\/L\u00f6we-Ngorogoro-300x240.jpg\" class=\"pt-cv-thumbnail img-none\" alt=\"\u00c4thiopien: Erstmals L\u00f6wen in afrikanischer Regenwaldregion dokumentiert\" srcset=\"https:\/\/www.afrika.de\/blog\/wp-content\/uploads\/2012\/08\/L\u00f6we-Ngorogoro-300x240.jpg\" sizes=\"auto, (max-width: 300px) 100vw, 300px\" \/><\/a>\n<div class=\"pt-cv-title\"><a href=\"https:\/\/www.afrika.de\/blog\/athiopien-erstmals-lowen-in-afrikanischer-regenwaldregion-dokumentiert\/\" class=\"_self cvplbd\" target=\"_self\" data-wpel-link=\"internal\">\u00c4thiopien: Erstmals L\u00f6wen in afrikanischer Regenwaldregion dokumentiert<\/a><\/div><\/div><\/div><\/div><\/div><\/div>\t\t\t<style type=\"text\/css\" id=\"pt-cv-inline-style-5a92bfanx8\">#pt-cv-view-dbc1d48jtk.pt-cv-post-border { margin: 0; border-top-width: 1px; border-left-width: 1px }\n#pt-cv-view-dbc1d48jtk.pt-cv-post-border { margin: 0; border-top-style: solid; border-left-style: solid }\n#pt-cv-view-dbc1d48jtk.pt-cv-post-border { margin: 0; border-top-color: #ececec; border-left-color: #ececec }\n#pt-cv-view-dbc1d48jtk.pt-cv-post-border .pt-cv-content-item   { border-right-width: 1px; border-bottom-width: 1px; border-right-style: solid; border-bottom-style: solid; border-right-color: #ececec; border-bottom-color: #ececec; }\n#pt-cv-view-dbc1d48jtk .pt-cv-title a, #pt-cv-view-dbc1d48jtk  .panel-title { color: #800f19 !important; font-weight: 600 !important; }\n#pt-cv-view-dbc1d48jtk .pt-cv-carousel-caption  { background-color: rgba(51,51,51,.6) !important; }\n#pt-cv-view-dbc1d48jtk .pt-cv-specialp { background-color: #CC3333 !important }\n#pt-cv-view-dbc1d48jtk .pt-cv-specialp * { color: #fff !important; }\n#pt-cv-view-dbc1d48jtk .pt-cv-pficon  { color: #bbb !important; }\n#pt-cv-view-dbc1d48jtk .pt-cv-readmore  { color: #ffffff !important; background-color: #00aeef !important; }\n#pt-cv-view-dbc1d48jtk .pt-cv-readmore:hover  { color: #ffffff !important; background-color: #00aeef !important; }\n#pt-cv-view-dbc1d48jtk  + .pt-cv-pagination-wrapper .pt-cv-more , #pt-cv-view-dbc1d48jtk  + .pt-cv-pagination-wrapper .pagination .active a, .pt-cv-pagination[data-sid='dbc1d48jtk'] .active a { color: #ffffff !important; background-color: #00aeef !important; }<\/style>\r\n\t\t\t\n<h2>Essen und trinken in \u00c4thiopien: Kulinarische Spezialit\u00e4ten<\/h2>\n<div class=\"pt-cv-wrapper\"><div class=\"pt-cv-view pt-cv-grid pt-cv-colsys pt-cv-post-border\" id=\"pt-cv-view-aff7ae7eax\"><div data-id=\"pt-cv-page-1\" class=\"pt-cv-page\" data-cvc=\"3\"><div class=\"col-md-4 col-sm-6 col-xs-12 pt-cv-content-item pt-cv-1-col\"  data-pid=\"16986\"><div class='pt-cv-ifield'><a href=\"https:\/\/www.afrika.de\/blog\/aethiopien-reisen-in-das-mutterland-des-kaffee\/\" class=\"_self pt-cv-href-thumbnail pt-cv-thumb-default cvplbd\" target=\"_self\" data-wpel-link=\"internal\"><img loading=\"lazy\" decoding=\"async\" width=\"300\" height=\"240\" src=\"https:\/\/www.afrika.de\/blog\/wp-content\/uploads\/2016\/08\/S_S_Kaffeezeremonie_Yirgalem-Aregash-Lodge_20101128_IMG_1177a-300x240.jpg\" class=\"pt-cv-thumbnail img-none\" alt=\"\u00c4thiopien: Reisen in das Mutterland des Kaffee\" srcset=\"https:\/\/www.afrika.de\/blog\/wp-content\/uploads\/2016\/08\/S_S_Kaffeezeremonie_Yirgalem-Aregash-Lodge_20101128_IMG_1177a-300x240.jpg\" sizes=\"auto, (max-width: 300px) 100vw, 300px\" \/><\/a>\n<div class=\"pt-cv-title\"><a href=\"https:\/\/www.afrika.de\/blog\/aethiopien-reisen-in-das-mutterland-des-kaffee\/\" class=\"_self cvplbd\" target=\"_self\" data-wpel-link=\"internal\">\u00c4thiopien: Reisen in das Mutterland des Kaffee<\/a><\/div><\/div><\/div><\/div><\/div><\/div>\t\t\t<style type=\"text\/css\" id=\"pt-cv-inline-style-e252976ax1\">#pt-cv-view-aff7ae7eax.pt-cv-post-border { margin: 0; border-top-width: 1px; border-left-width: 1px }\n#pt-cv-view-aff7ae7eax.pt-cv-post-border { margin: 0; border-top-style: solid; border-left-style: solid }\n#pt-cv-view-aff7ae7eax.pt-cv-post-border { margin: 0; border-top-color: #ececec; border-left-color: #ececec }\n#pt-cv-view-aff7ae7eax.pt-cv-post-border .pt-cv-content-item   { border-right-width: 1px; border-bottom-width: 1px; border-right-style: solid; border-bottom-style: solid; border-right-color: #ececec; border-bottom-color: #ececec; }\n#pt-cv-view-aff7ae7eax .pt-cv-title a, #pt-cv-view-aff7ae7eax  .panel-title { color: #800f19 !important; font-weight: 600 !important; }\n#pt-cv-view-aff7ae7eax .pt-cv-carousel-caption  { background-color: rgba(51,51,51,.6) !important; }\n#pt-cv-view-aff7ae7eax .pt-cv-specialp { background-color: #CC3333 !important }\n#pt-cv-view-aff7ae7eax .pt-cv-specialp * { color: #fff !important; }\n#pt-cv-view-aff7ae7eax .pt-cv-pficon  { color: #bbb !important; }\n#pt-cv-view-aff7ae7eax .pt-cv-readmore  { color: #ffffff !important; background-color: #00aeef !important; }\n#pt-cv-view-aff7ae7eax .pt-cv-readmore:hover  { color: #ffffff !important; background-color: #00aeef !important; }\n#pt-cv-view-aff7ae7eax  + .pt-cv-pagination-wrapper .pt-cv-more , #pt-cv-view-aff7ae7eax  + .pt-cv-pagination-wrapper .pagination .active a, .pt-cv-pagination[data-sid='aff7ae7eax'] .active a { color: #ffffff !important; background-color: #00aeef !important; }<\/style>\r\n\t\t\t\n<h2>Weitere Informationen \u00fcber \u00c4thiopien<\/h2>\n<p>Informieren Sie sich vor Ihrer Reise weiterf\u00fchrend. In unseren <a href=\"https:\/\/www.afrika.de\/aethiopien\/reiseinformationen-aethiopien\/\" data-wpel-link=\"exclude\">Reiseinformationen f\u00fcr \u00c4thiopien<\/a> finden Sie beispielsweise hilfreiche Adressen, Informationen \u00fcber Entfernungen, Kulinarisches oder dem Sicherheit. Ein Blick lohnt sich!<\/p>\n<p>Sie haben weitere Fragen oder planen konkret eine <a href=\"https:\/\/www.afrika.de\/aethiopien\/\" data-wpel-link=\"exclude\">\u00c4thiopien-Reise<\/a>? Wir freuen uns auf Ihre Anfrage. Sie erreichen uns<\/p>\n<ul>\n<li>per Mail: info(at)afrika.de<\/li>\n<li>per Telefon: +49 (0) 2133 26030.<\/li>\n<\/ul>","protected":false},"excerpt":{"rendered":"<p>F\u00fcr Ihre gelungene \u00c4thiopien-Reise finden Sie hier wichtige, interessante und aktuelle Reisetipps. Beitr\u00e4ge zur Kultur in \u00c4thiopien \u00c4thiopiens Pflanzen- und Tierwelt Essen und trinken in \u00c4thiopien: Kulinarische Spezialit\u00e4ten Weitere Informationen \u00fcber \u00c4thiopien Informieren Sie sich vor Ihrer Reise weiterf\u00fchrend. In unseren Reiseinformationen f\u00fcr \u00c4thiopien finden&hellip; <a class=\"read-more\" href=\"https:\/\/www.afrika.de\/blog\/aethiopien-reisetipps\/\" data-wpel-link=\"internal\">Weiterlesen<\/a><\/p>\n","protected":false},"author":307,"featured_media":0,"parent":0,"menu_order":0,"comment_status":"closed","ping_status":"closed","template":"","meta":{"footnotes":""},"class_list":["post-27264","page","type-page","status-publish","hentry"],"_links":{"self":[{"href":"https:\/\/www.afrika.de\/blog\/wp-json\/wp\/v2\/pages\/27264","targetHints":{"allow":["GET"]}}],"collection":[{"href":"https:\/\/www.afrika.de\/blog\/wp-json\/wp\/v2\/pages"}],"about":[{"href":"https:\/\/www.afrika.de\/blog\/wp-json\/wp\/v2\/types\/page"}],"author":[{"embeddable":true,"href":"https:\/\/www.afrika.de\/blog\/wp-json\/wp\/v2\/users\/307"}],"replies":[{"embeddable":true,"href":"https:\/\/www.afrika.de\/blog\/wp-json\/wp\/v2\/comments?post=27264"}],"version-history":[{"count":10,"href":"https:\/\/www.afrika.de\/blog\/wp-json\/wp\/v2\/pages\/27264\/revisions"}],"predecessor-version":[{"id":29078,"href":"https:\/\/www.afrika.de\/blog\/wp-json\/wp\/v2\/pages\/27264\/revisions\/29078"}],"wp:attachment":[{"href":"https:\/\/www.afrika.de\/blog\/wp-json\/wp\/v2\/media?parent=27264"}],"curies":[{"name":"wp","href":"https:\/\/api.w.org\/{rel}","templated":true}]}}