{"id":2,"date":"2007-09-19T10:04:40","date_gmt":"2007-09-19T08:04:40","guid":{"rendered":"http:\/\/www.iwanowski.de\/blog\/impressum"},"modified":"2017-07-26T11:35:34","modified_gmt":"2017-07-26T09:35:34","slug":"impressum","status":"publish","type":"page","link":"https:\/\/www.afrika.de\/blog\/impressum\/","title":{"rendered":"Impressum"},"content":{"rendered":"<p>Iwanowski`s Individuelles Reisen GmbH<\/p>\n<p>Anschrift:<br \/>\nSalm-Reifferscheidt-Allee 37<br \/>\nD &#8211; 41540 Dormagen<\/p>\n<p>Telefon: +49 2133 26 03 &#8211; 0<br \/>\nTelefax: +49 2133 26 03 &#8211; 33<\/p>\n<p>E-Mail: <a href=\"mailto:iwanowski@afrika.de\">iwanowski@afrika.de<\/a><br \/>\nInternet: <a href=\"https:\/\/www.afrika.de\/\" data-wpel-link=\"exclude\">https:\/\/www.afrika.de<\/a><\/p>\n<p>Vertretungsberechtigter Gesch\u00e4ftsf\u00fchrer: Michael Iwanowski<\/p>\n<p>Registergericht: HRG Neuss<\/p>\n<p>Registernummer: HRG Neuss 6112<br \/>\nUmsatzsteuer-Identifikationsnummer gem\u00e4\u00df \u00a7 27 a Umsatzsteuergesetz: DE 5122\/5717\/0155<\/p>\n<p>Haftungshinweis:<br \/>\nTrotz sorgf\u00e4ltiger inhaltlicher Kontrolle \u00fcbernehmen wir keine Haftung f\u00fcr die Inhalte externer Links.<br \/>\nF\u00fcr den Inhalt der verlinkten Seiten sind ausschlie\u00dflich deren Betreiber verantwortlich.<\/p>\n<p>Allgemeines: Die unter der Rubrik &#8220;Kundenmeinungen&#8221; dargestellten \u00c4u\u00dferungen d\u00fcrfen unter Wahrung der Anonymit\u00e4t in Printmedien des Reisebuchverlags Iwanowski verwendet werden, um so wertvolle Erfahrungen an Leser weiterzugeben.<\/p>\n<p>Titelbild: South African Tourism<\/p>\n<p>Alle anderen Farbabbildungen:<br \/>\nSouth African Tourism, Michael Iwanowski, Gunter Hartmann, ebenso Abbildungen der Lodges und Camps mit freundlicher Genehmigung der Einrichtungen, insbesondere CC-Afrika<\/p>\n<p>Redaktionelles Copyright, Konzeption und dessen st\u00e4ndige \u00dcberarbeitung: Michael Iwanowski<\/p>\n<p>Karten: Palsa-Graphik, Lohmar<\/p>\n<p>Webdesign &amp; Konzept: awato Software GmbH, Dormagen<\/p>","protected":false},"excerpt":{"rendered":"<p>Iwanowski`s Individuelles Reisen GmbH Anschrift: Salm-Reifferscheidt-Allee 37 D &#8211; 41540 Dormagen Telefon: +49 2133 26 03 &#8211; 0 Telefax: +49 2133 26 03 &#8211; 33 E-Mail: iwanowski@afrika.de Internet: https:\/\/www.afrika.de Vertretungsberechtigter Gesch\u00e4ftsf\u00fchrer: Michael Iwanowski Registergericht: HRG Neuss Registernummer: HRG Neuss 6112 Umsatzsteuer-Identifikationsnummer gem\u00e4\u00df \u00a7 27 a&hellip; <a class=\"read-more\" href=\"https:\/\/www.afrika.de\/blog\/impressum\/\" data-wpel-link=\"internal\">Weiterlesen<\/a><\/p>\n","protected":false},"author":1,"featured_media":0,"parent":0,"menu_order":0,"comment_status":"closed","ping_status":"open","template":"","meta":{"footnotes":""},"class_list":["post-2","page","type-page","status-publish","hentry"],"_links":{"self":[{"href":"https:\/\/www.afrika.de\/blog\/wp-json\/wp\/v2\/pages\/2","targetHints":{"allow":["GET"]}}],"collection":[{"href":"https:\/\/www.afrika.de\/blog\/wp-json\/wp\/v2\/pages"}],"about":[{"href":"https:\/\/www.afrika.de\/blog\/wp-json\/wp\/v2\/types\/page"}],"author":[{"embeddable":true,"href":"https:\/\/www.afrika.de\/blog\/wp-json\/wp\/v2\/users\/1"}],"replies":[{"embeddable":true,"href":"https:\/\/www.afrika.de\/blog\/wp-json\/wp\/v2\/comments?post=2"}],"version-history":[{"count":7,"href":"https:\/\/www.afrika.de\/blog\/wp-json\/wp\/v2\/pages\/2\/revisions"}],"predecessor-version":[{"id":14357,"href":"https:\/\/www.afrika.de\/blog\/wp-json\/wp\/v2\/pages\/2\/revisions\/14357"}],"wp:attachment":[{"href":"https:\/\/www.afrika.de\/blog\/wp-json\/wp\/v2\/media?parent=2"}],"curies":[{"name":"wp","href":"https:\/\/api.w.org\/{rel}","templated":true}]}}