{"id":14353,"date":"2013-10-22T17:40:32","date_gmt":"2013-10-22T15:40:32","guid":{"rendered":"http:\/\/www.iwanowski.de\/blog\/?page_id=14353"},"modified":"2018-05-25T14:48:45","modified_gmt":"2018-05-25T12:48:45","slug":"datenschutzerklaerung","status":"publish","type":"page","link":"https:\/\/www.afrika.de\/blog\/datenschutzerklaerung\/","title":{"rendered":"Datenschutzerkl\u00e4rung"},"content":{"rendered":"\n<p>Herzlichen Dank f\u00fcr Ihr Interesse an unserer Homepage, die Sie grunds\u00e4tzlich ohne Angabe personenbezogener Daten besuchen k\u00f6nnen. Der Schutz Ihrer Privatsph\u00e4re und Ihrer pers\u00f6nlichen Daten ist f\u00fcr uns von gro\u00dfer Wichtigkeit. Unsere Datenschutzpraxis gem\u00e4\u00df den geltenden datenschutzrechtlichen Bestimmungen sowie den gesetzlichen Vorgaben sch\u00fctzt Ihre Daten vor vors\u00e4tzlicher Manipulation oder dem Zugriff durch unberechtigte Dritte. In keinem Fall werden Daten von uns ver\u00f6ffentlicht, unberechtigt an Dritte weitergegeben oder verkauft.<\/p>\n<p>Jeder Besuch unserer Internetseiten wird protokolliert, wobei folgende Daten erfasst werden: Ihre IP-Adresse, die Internet-Seite, von der aus der Zugriff erfolgt, Name Ihres Internet-Zugangs-Providers, die Seiten, die Sie anklicken, die \u00fcbertragene Datenmenge, Datum und Dauer Ihres Besuchs. Diese Informationen haben den Zweck, die Nutzung der Webseite zu erm\u00f6glichen und zu optimieren, ohne dabei personenbezogene Daten zu bilden.<\/p>\n<p>Wir informieren Sie, welche pers\u00f6nlichen Daten wir von Ihnen speichern, wozu wir diese nutzen, wie wir Ihre Daten sch\u00fctzen, an wen wir Ihre Daten weitergeben und \u00fcber Ihre erweiterten Rechte, die sich aus dem Datenschutzrecht ergeben.<\/p>\n<h2>Was sind \u201ePersonenbezogene Daten\u201c?<\/h2>\n<p>\u201ePersonenbezogene Daten\u201c sind alle Informationen, die sich auf eine identifizierte oder identifizierbare nat\u00fcrliche Person beziehen; als identifizierbar wird eine nat\u00fcrliche Person angesehen, die direkt oder indirekt, insbesondere mittels Zuordnung zu einer Kennung wie einem Namen, zu einer Kennnummer, zu Standortdaten, zu einer Online-Kennung oder zu einem oder mehreren besonderen Merkmalen identifiziert werden kann.<br \/>\nWir verarbeiten personenbezogene Daten wie z. B. Anrede, Vorname, Nachname, Adresse, Postanschrift, Telefonnummer, E-Mail-Adresse, die wir im Rahmen unserer Gesch\u00e4ftsbeziehung von unseren Kunden freiwillig erhalten (z. B. PayPal) zur Abwicklung der von Ihnen ausgew\u00e4hlten Angebote und Dienste, aber z. B. auch beim Ausf\u00fcllen eines Formulars, beim Abonnieren eines Newsletter, beim \u00dcbermitteln von E-Mails oder bei der Nutzung der Online-Dienste. Sie sollten sicherstellen, dass s\u00e4mtliche Daten Dritter mit dem Einverst\u00e4ndnis dieser Personen von Ihnen bereitgestellt werden.<\/p>\n<h2>Zweck der Datenverarbeitung und Rechtsgrundlage<\/h2>\n<p>Die Datenerhebung, -verarbeitung und -nutzung Ihrer personenbezogenen Daten erfolgt im Zusammenhang mit der Reservierung oder Buchung der Touristikleistung, zum Vertrieb von Touristikleistungen und im Rahmen der Zweckbestimmung des Vertragsverh\u00e4ltnisses zur Vermittlung des Produkts und zur Abwicklung der damit verbundenen Dienst-, Abrechnungs- und Serviceleistungen. Wir verarbeiten die vorab genannten personenbezogenen Daten im Einklang mit den Bestimmungen der EU-Datenschutz-Grundverordnung (DSGVO) und dem Bundesdatenschutzgesetz (BDSG) zur Erf\u00fcllung von vertraglichen Pflichten, Geltendmachung rechtlicher Anspr\u00fcche und Verteidigung bei rechtlichen Streitigkeiten und aufgrund Ihrer Einwilligung.<br \/>\nSoweit Sie uns eine Einwilligung zur Verarbeitung von personenbezogenen Daten f\u00fcr bestimmte Zwecke erteilt haben, ist die Rechtm\u00e4\u00dfigkeit dieser Verarbeitung auf Basis Ihrer Einwilligung gegeben. Einer Nutzung Ihrer personenbezogenen Daten im Rahmen der gesetzlichen Bestimmungen k\u00f6nnen Sie jederzeit widersprechen.<\/p>\n<h2>Webseitenanalyse und Tracking<\/h2>\n<p>Wir benutzen zur Bereitstellung unserer Dienste Cookies, (kleine Dateien mit Konfigurationsinformationen), um zum Beispiel Pr\u00e4ferenzen der Besucher zu erkennen und die Webseite entsprechend optimal gestalten zu k\u00f6nnen. Dies hilft uns, z.B. die Navigation zu erleichtern und ein hohes Ma\u00df an Benutzerfreundlichkeit zu erreichen. Die kleinen Textdateien werden zur technischen Sitzungssteuerung im Speicher Ihres Browsers auf Ihrem Computer abgelegt, sofern Sie diese nicht l\u00f6schen. Die Cookies richten auf Ihrem Rechner keinen Schaden, sie enthalten keine Viren und erlauben uns nicht, Sie auszusp\u00e4hen. Sie erkl\u00e4ren sich bei Nutzung unserer Dienste einverstanden, dass wir Cookies einsetzen. Der Erhebung und Speicherung Ihrer Daten \u00fcber diesen Dienst k\u00f6nnen Sie jederzeit widersprechen. Wenn Sie die Aktivierung von Cookies vermeiden wollen, deaktivieren Sie diese in Ihrem Browser. Dar\u00fcber hinaus besteht f\u00fcr Sie die M\u00f6glichkeit, die gespeicherten Cookies jederzeit von Ihrer Festplatte zu l\u00f6schen.<\/p>\n<p>Um in anonymisierter Weise Art und Umfang der Nutzung unserer Dienste auszuwerten, benutzt unsere Website Google Analytics, einen Webanalysedienst der Google Inc., 1600 Amphitheatre Parkway, Mountain View, CA 94043, USA (Google). Google Analytics verwendet sog. Cookies, Textdateien, die auf Ihrem Computer gespeichert werden und die eine Analyse der Benutzung der Website durch Sie erm\u00f6glicht. Die durch den Cookie erzeugten Informationen \u00fcber Ihre Benutzung dieser Website (einschlie\u00dflich Ihrer IP-Adresse) werden an einen Server von Google in den USA \u00fcbertragen und dort gespeichert. Google wird diese Informationen benutzen, um Ihre Nutzung der Website auszuwerten, um Reports \u00fcber die Websiteaktivit\u00e4ten f\u00fcr die Websitebetreiber zusammenzustellen und um weitere mit der Websitenutzung und der Internetnutzung verbundene Dienstleistungen zu erbringen. Auch wird Google diese Informationen gegebenenfalls an Dritte \u00fcbertragen, sofern dies gesetzlich vorgeschrieben oder soweit Dritte diese Daten im Auftrag von Google verarbeiten. Sie k\u00f6nnen die Installation der Cookies durch eine entsprechende Einstellung Ihrer Browser Software verhindern; wir weisen Sie jedoch darauf hin, dass Sie in diesem Fall gegebenenfalls nicht s\u00e4mtliche Funktionen dieser Website voll umf\u00e4nglich nutzen k\u00f6nnen. Durch die Nutzung unserer Website erkl\u00e4ren Sie sich mit der Bearbeitung der \u00fcber Sie erhobenen Daten durch Google in der zuvor beschriebenen Art und Weise und zu dem zuvor benannten Zweck einverstanden. Diese Datenschutzerkl\u00e4rung gilt nicht f\u00fcr die Inhalte von Google Analytics. Zweck und Umfang der Datenerhebung und die weitere Verarbeitung und Nutzung der Daten durch Google sowie Ihre diesbez\u00fcglichen Rechte und Einstellungsm\u00f6glichkeiten zum Schutz Ihrer Privatsph\u00e4re entnehmen Sie bitte den Datenschutzhinweisen von Google: <a href=\"http:\/\/www.google.com\/intl\/de\/privacypolicy.html#information\" data-wpel-link=\"external\" target=\"_blank\" rel=\"nofollow noopener noreferrer\" class=\"ext-link\">http:\/\/www.google.com\/intl\/de\/privacypolicy.html#information<\/a>.<\/p>\n<p>Auf unserer Webseite wird ein Plugin von Google Plus eingebunden, welches von der Google Inc., 1600 Amphitheatre Parkway, Mountain View, CA 94043, United States (Google) betrieben wird. Bei Aufrufen unserer Webseiten, die ein solches Plugin enthalten, wird automatisch eine Verbindung zu den Servern von Google aufgebaut. Dadurch wird der Inhalt des jeweiligen Plug-Ins auf Ihren Browser \u00fcbertragen und in die Websitedarstellung integriert. Wir haben keinen Einfluss auf den Umfang und Inhalt der Daten, die Google mit Hilfe dieses Plugins erhebt. Wenn Sie nicht m\u00f6chten, dass Google \u00fcber unseren Internetauftritt Daten \u00fcber Sie sammelt und mit Ihren bei Google gespeicherten Mitgliedsdaten verkn\u00fcpft, m\u00fcssen Sie sich vor Ihrem Besuch unseres Internetauftritts bei Google Plus ausloggen sowie gesetzte Cookies l\u00f6schen. Durch die Nutzung unserer Website erkl\u00e4ren Sie sich mit der Bearbeitung der \u00fcber Sie erhobenen Daten durch Google einverstanden. Diese Datenschutzerkl\u00e4rung gilt nicht f\u00fcr die Inhalte von Google. Zweck und Umfang der Datenerhebung und die weitere Verarbeitung und Nutzung der Daten durch Google sowie Ihre diesbez\u00fcglichen Rechte und Einstellungsm\u00f6glichkeiten zum Schutz Ihrer Privatsph\u00e4re entnehmen Sie bitte den Datenschutzhinweisen von Google: <a href=\"http:\/\/www.google.com\/intl\/de\/policies\/privacy\" data-wpel-link=\"external\" target=\"_blank\" rel=\"nofollow noopener noreferrer\" class=\"ext-link\">http:\/\/www.google.com\/intl\/de\/policies\/privacy<\/a>.<\/p>\n<p>Auf unserer Webseite wird ein Plugin von Facebook sowie Instagram (kostenloser Online-Dienst zum Teilen von Fotos und Videos, der zu Facebook geh\u00f6rt) eingebunden, welches von der Facebook Inc., 1601 S. California Ave, Palo Alto, CA 94304, USA betrieben wird. Bei Aufrufen unserer Webseiten, die ein solches Plugin enthalten, wird automatisch eine Verbindung zu den Servern von Facebook aufgebaut. Dadurch wird der Inhalt des jeweiligen Plug-Ins auf Ihren Browser \u00fcbertragen und in die Websitedarstellung integriert. Bei eingeloggten Mitgliedern wird bei Facebook eine Zuordnung zu einem Benutzerkonto vorgenommen. Das Anklicken z. B. des &#8220;Gef\u00e4llt-mir&#8221;-Buttons f\u00fchrt zu einer entsprechenden Meldung an Facebook und wird im Benutzerkonto gespeichert. Beides kann nur durch Ausloggen bei Facebook vor Aufrufen der Webseite und L\u00f6schen der gesetzten Cookies unterbunden werden. Durch die Nutzung unserer Website erkl\u00e4ren Sie sich mit der Bearbeitung der \u00fcber Sie erhobenen Daten durch Facebook einverstanden. Diese Datenschutzerkl\u00e4rung gilt nicht f\u00fcr die Inhalte von Facebook. Zweck und Umfang der Datenerhebung und die weitere Verarbeitung und Nutzung der Daten durch Facebook sowie Ihre diesbez\u00fcglichen Rechte und Einstellungsm\u00f6glichkeiten zum Schutz Ihrer Privatsph\u00e4re entnehmen Sie bitte den Datenschutzhinweisen von Facebook: <a href=\"http:\/\/www.facebook.com\/policy.php\" data-wpel-link=\"external\" target=\"_blank\" rel=\"nofollow noopener noreferrer\" class=\"ext-link\">http:\/\/www.facebook.com\/policy.php<\/a> bzw. von Instagram: <a href=\"https:\/\/help.instagram.com\/155833707900388\" data-wpel-link=\"external\" target=\"_blank\" rel=\"nofollow noopener noreferrer\" class=\"ext-link\">https:\/\/help.instagram.com\/155833707900388<\/a>.<\/p>\n<p>Auf unserer Webseite wird ein Plugin von Twitter eingebunden, welches von der Twitter Inc., 795 Folsom St., Suite 600, San Francisco, CA 94107, USA, betrieben wird. Bei Aufrufen unserer Webseiten, die ein solches Plugin enthalten, wird automatisch eine Verbindung zu den Servern von Twitter aufgebaut. Dadurch wird der Inhalt des jeweiligen Plug-Ins auf Ihren Browser \u00fcbertragen und in die Websitedarstellung integriert. Bei eingeloggten Mitgliedern wird bei Twitter eine Zuordnung zu einem Benutzerkonto vorgenommen. Das Anklicken z. B. des &#8220;tweet&#8221;-Buttons f\u00fchrt zu einer entsprechenden Meldung an Twitter und wird im Benutzerkonto gespeichert. Beides kann nur durch Ausloggen bei Twitter vor Aufrufen der Webseite und L\u00f6schen der gesetzten Cookies unterbunden werden. Durch die Nutzung unserer Website erkl\u00e4ren Sie sich mit der Bearbeitung der \u00fcber Sie erhobenen Daten durch Twitter einverstanden. Diese Datenschutzerkl\u00e4rung gilt nicht f\u00fcr die Inhalte von Twitter. Zweck und Umfang der Datenerhebung und die weitere Verarbeitung und Nutzung der Daten durch Twitter sowie Ihre diesbez\u00fcglichen Rechte und Einstellungsm\u00f6glichkeiten zum Schutz Ihrer Privatsph\u00e4re entnehmen Sie bitte den Datenschutzhinweisen von Twitter: <a href=\"https:\/\/twitter.com\/privacy\" data-wpel-link=\"external\" target=\"_blank\" rel=\"nofollow noopener noreferrer\" class=\"ext-link\">https:\/\/twitter.com\/privacy<\/a>.<\/p>\n<p>Wir machen ausdr\u00fccklich darauf aufmerksam, dass die genutzten Dienste Twitter, Facebook, Google die Daten ihrer Nutzerinnen und Nutzer (z.B. pers\u00f6nliche Informationen, IP-Adresse ) entsprechend ihrer Datenverwendungsrichtlinien abspeichern und f\u00fcr gesch\u00e4ftliche Zwecke nutzen.<\/p>\n<h3><span id=\"31_Google_Web_Fonts\">Google Web Fonts<\/span><\/h3>\n<p>Diese Seite nutzt zur einheitlichen Darstellung von Schriftarten so genannte Web Fonts, die von Google bereitgestellt werden. Beim Aufruf einer Seite l\u00e4dt Ihr Browser die ben\u00f6tigten Web Fonts in ihren Browsercache, um Texte und Schriftarten korrekt anzuzeigen.<br \/>\nZu diesem Zweck muss der von Ihnen verwendete Browser Verbindung zu den Servern von Google aufnehmen. Hierdurch erlangt Google Kenntnis dar\u00fcber, dass \u00fcber Ihre IP-Adresse unsere Website aufgerufen wurde. Die Nutzung von Google Web Fonts erfolgt im Interesse einer einheitlichen und ansprechenden Darstellung unserer Online-Angebote. Dies stellt ein berechtigtes Interesse im Sinne von Art. 6 Abs. 1 lit. f DSGVO dar. Wenn Ihr Browser Web Fonts nicht unterst\u00fctzt, wird eine Standardschrift von Ihrem Computer genutzt.<br \/>\nWeitere Informationen zu Google Web Fonts finden Sie unter <a href=\"https:\/\/developers.google.com\/fonts\/faq\" data-wpel-link=\"external\" target=\"_blank\" rel=\"nofollow noopener noreferrer\" class=\"ext-link\">https:\/\/developers.google.com\/fonts\/faq<\/a> und in der Datenschutzerkl\u00e4rung von Google: <a href=\"https:\/\/www.google.com\/policies\/privacy\/\" data-wpel-link=\"external\" target=\"_blank\" rel=\"nofollow noopener noreferrer\" class=\"ext-link\">https:\/\/www.google.com\/policies\/privacy\/<\/a>.<\/p>\n<h3><span id=\"32_Google_AdWords_und_Google_Conversion-Tracking\">Google AdWords und Google Conversion-Tracking<\/span><\/h3>\n<p>Diese Website verwendet Google AdWords. AdWords ist ein Online-Werbeprogramm der Google Inc., 1600 Amphitheatre Parkway, Mountain View, CA 94043, United States (\u201cGoogle\u201d).<br \/>\nIm Rahmen von Google AdWords nutzen wir das so genannte Conversion-Tracking. Wenn Sie auf eine von Google geschaltete Anzeige klicken wird ein Cookie f\u00fcr das Conversion-Tracking gesetzt. Bei Cookies handelt es sich um kleine Textdateien, die der Internet-Browser auf dem Computer des Nutzers ablegt. Diese Cookies verlieren nach 30 Tagen ihre G\u00fcltigkeit und dienen nicht der pers\u00f6nlichen Identifizierung der Nutzer. Besucht der Nutzer bestimmte Seiten dieser Website und das Cookie ist noch nicht abgelaufen, k\u00f6nnen Google und wir erkennen, dass der Nutzer auf die Anzeige geklickt hat und zu dieser Seite weitergeleitet wurde.<br \/>\nJeder Google AdWords-Kunde erh\u00e4lt ein anderes Cookie. Die Cookies k\u00f6nnen nicht \u00fcber die Websites von AdWords-Kunden nachverfolgt werden. Die mithilfe des Conversion-Cookies eingeholten Informationen dienen dazu, Conversion-Statistiken f\u00fcr AdWords-Kunden zu erstellen, die sich f\u00fcr Conversion-Tracking entschieden haben. Die Kunden erfahren die Gesamtanzahl der Nutzer, die auf ihre Anzeige geklickt haben und zu einer mit einem Conversion-Tracking-Tag versehenen Seite weitergeleitet wurden. Sie erhalten jedoch keine Informationen, mit denen sich Nutzer pers\u00f6nlich identifizieren lassen. Wenn Sie nicht am Tracking teilnehmen m\u00f6chten, k\u00f6nnen Sie dieser Nutzung widersprechen, indem Sie das Cookie des Google Conversion-Trackings \u00fcber ihren Internet-Browser unter Nutzereinstellungen leicht deaktivieren. Sie werden somit nicht in die Conversion-Tracking-Statistiken aufgenommen.<br \/>\nDie Speicherung von \u201cConversion-Cookies\u201d erfolgt auf Grundlage von Art. 6 Abs. 1 lit. f DSGVO. Der Websitebetreiber hat ein berechtigtes Interesse an der Analyse des Nutzerverhaltens, um sowohl sein Webangebot als auch seine Werbung zu optimieren.<br \/>\nMehr Informationen zu Google AdWords und Google Conversion-Tracking finden Sie in den Datenschutzbestimmungen von Google: <a href=\"https:\/\/www.google.de\/policies\/privacy\/\" data-wpel-link=\"external\" target=\"_blank\" rel=\"nofollow noopener noreferrer\" class=\"ext-link\">https:\/\/www.google.de\/policies\/privacy\/<\/a>.<br \/>\nSie k\u00f6nnen Ihren Browser so einstellen, dass Sie \u00fcber das Setzen von Cookies informiert werden und Cookies nur im Einzelfall erlauben, die Annahme von Cookies f\u00fcr bestimmte F\u00e4lle oder generell ausschlie\u00dfen sowie das automatische L\u00f6schen der Cookies beim Schlie\u00dfen des Browsers aktivieren. Bei der Deaktivierung von Cookies kann die Funktionalit\u00e4t dieser Website eingeschr\u00e4nkt sein.<\/p>\n<h3>Nutzung von YouTube-Plugins<\/h3>\n<p>Wir nutzen f\u00fcr die Einbindung von Videos u.a. den Anbieter YouTube. YouTube wird betrieben von YouTube LLC mit Hauptgesch\u00e4ftssitz in 901 Cherry Avenue, San Bruno, CA 94066, USA. YouTube wird vertreten durch Google Inc. mit Sitz in 1600 Amphitheatre Parkway, Mountain View, CA 94043, USA.<br \/>\nAuf einigen unserer Internetseiten verwenden wir Plugins des Anbieters YouTube. Wenn Sie die mit einem solchen Plugin versehenen Internetseiten unserer Internetpr\u00e4senz aufrufen, wird eine Verbindung zu den YouTube-Servern hergestellt und dabei das Plugin dargestellt. Hierdurch wird an den YouTube-Server \u00fcbermittelt, welche unserer Internetseiten Sie besucht haben. Sind Sie dabei als Mitglied bei YouTube eingeloggt, ordnet YouTube diese Information Ihrem pers\u00f6nlichen Benutzerkonto zu. Bei Nutzung des Plugins wie z.B. Anklicken des Start-Buttons eines Videos wird diese Information ebenfalls Ihrem Benutzerkonto zugeordnet. Sie k\u00f6nnen diese Zuordnung verhindern, indem Sie sich vor der Nutzung unserer Internetseite aus ihrem YouTube-Benutzerkonto sowie anderen Benutzerkonten der Firmen YouTube LLC und Google Inc. abmelden und die entsprechenden Cookies der Firmen l\u00f6schen.<br \/>\nZweck und Umfang der Datenerhebung und die weitere Verarbeitung und Nutzung der Daten durch YouTube sowie Ihre diesbez\u00fcglichen Rechte und Einstellungsm\u00f6glichkeiten zum Schutz Ihrer Privatsph\u00e4re entnehmen Sie bitte den Datenschutzhinweisen von YouTube: <a href=\"https:\/\/policies.google.com\/privacy?hl=de&amp;gl=de\" data-wpel-link=\"external\" target=\"_blank\" rel=\"nofollow noopener noreferrer\" class=\"ext-link\">www.google.de\/intl\/de\/policies\/privacy\/<\/a><\/p>\n<h2>Weiterleitung Ihrer Daten<\/h2>\n<p>Wir leiten Ihre personenbezogenen Daten im gesetzlich zul\u00e4ssigen Rahmen ausschlie\u00dflich zur Erf\u00fcllung unserer vertraglichen Pflichten an unsere jeweiligen Vertragspartner weiter zwecks Aus\u00fcbung und Abwicklung der von uns vermittelten Leistungen.<br \/>\nEine Weitergabe der Daten an unbeteiligte Dritte erfolgt nicht. Etwas anderes gilt, wenn wir zu einer Offenlegung und \u00dcbermittlung der Daten gesetzlich oder durch gerichtliches Urteil verpflichtet sind.<\/p>\n<h2>Werden Daten in ein Drittland \u00fcbermittelt?<\/h2>\n<p>Eine Daten\u00fcbermittlung in L\u00e4nder au\u00dferhalb der EU bzw. des EWR (sogenannte Drittstaaten) findet nicht statt.<\/p>\n<h2>Dauer der Datenspeicherung<\/h2>\n<p>Wir verarbeiten und speichern Ihre personenbezogenen Daten, solange es f\u00fcr die Erf\u00fcllung unserer vertraglichen und gesetzlichen Pflichten erforderlich ist. Sind die Daten f\u00fcr die Erf\u00fcllung vertraglicher oder gesetzlicher Pflichten nicht mehr erforderlich, werden diese regelm\u00e4\u00dfig gel\u00f6scht, es sei denn, ihre \u2013 befristete \u2013 Weiterverarbeitung ist z. B. f\u00fcr die Erf\u00fcllung steuerrechtlicher Aufbewahrungsfristen sowie der Erhaltung von Beweismitteln im Rahmen der Verj\u00e4hrungsvorschriften erforderlich.<\/p>\n<h2>Schutz Ihrer Daten<\/h2>\n<p>Um die \u00dcbertragung der Daten sicher zu gestalten, werden diese \u00fcber eine gesicherte SSL-Verbindung \u00fcbermittelt. Unbefugte Dritte haben somit keine M\u00f6glichkeit, Ihre Daten w\u00e4hrend der \u00dcbertragung mitzulesen. Sie erkennen die SSL-gesch\u00fctzten Seiten daran, dass die Adresse nicht wie gewohnt mit http:\/\/, sondern mit https:\/\/ beginnt. Au\u00dferdem erscheint in den meisten Browsern ein kleines geschlossenes Vorh\u00e4ngeschloss (z.B. in der Statuszeile am unteren Bildschirmrand).<\/p>\n<p>Die Speicherung Ihrer personenbezogenen Daten findet ausschlie\u00dflich unter Beachtung der gesetzlichen Regelungen innerhalb der Bundesrepublik Deutschland statt.<\/p>\n<h2>Ihre Datenschutzrechte<\/h2>\n<p>Jede betroffene Person hat jederzeit das Recht auf unentgeltliche Auskunft, auf Berichtigung, auf L\u00f6schung, auf Einschr\u00e4nkung der Verarbeitung, auf Beschwerde und Widerspruch der sie betreffenden personenbezogenen Daten. Beim Auskunftsrecht und beim L\u00f6schungsrecht gelten Einschr\u00e4nkungen. So k\u00f6nnen einer L\u00f6schung unter Umst\u00e4nden gesetzliche Vorschriften entgegenstehen &#8211; insbesondere im Hinblick auf Daten f\u00fcr abrechnungstechnische und buchhalterische Zwecke oder die Verarbeitung dient der Geltendmachung, Aus\u00fcbung oder Verteidigung von Rechtsanspr\u00fcchen.<\/p>\n<p>Eine erteilte Einwilligung in die Verarbeitung personenbezogener Daten k\u00f6nnen Sie jederzeit uns gegen\u00fcber widerrufen. Der Widerspruch kann formfrei telefonisch (02133 \u2013 26030) erfolgen, per Fax (02133 \u2013 260333) oder per E-Mail: <a href=\"mailto:datenschutz@afrika.de\">datenschutz@afrika.de<\/a>. Bei der Verwendung Ihrer Daten f\u00fcr den Newsletter weisen wir Sie auf Ihre M\u00f6glichkeit zur jederzeitigen Abbestellm\u00f6glichkeit auf unserer Homepage hin. Bitte beachten Sie, dass der Widerruf erst f\u00fcr die Zukunft wirkt. Verarbeitungen, die vor dem Widerruf erfolgt sind, sind davon nicht betroffen.<\/p>\n<h2>Ihre Pflicht zur Bereitstellung von personenbezogenen Daten<\/h2>\n<p>Im Rahmen unserer Gesch\u00e4ftsbeziehung m\u00fcssen Sie diejenigen personenbezogenen Daten bereitstellen, die f\u00fcr die Aufnahme und Durchf\u00fchrung einer Gesch\u00e4ftsbeziehung und die Erf\u00fcllung der damit verbundenen vertraglichen Pflichten erforderlich sind oder zu deren Erhebung wir gesetzlich verpflichtet sind. Ohne diese Daten werden wir in der Regel den Abschluss des Vertrages oder die Ausf\u00fchrung des Auftrages ablehnen m\u00fcssen.<\/p>\n<h2>Profiling<\/h2>\n<p>Um Sie zielgerichtet \u00fcber Produkte informieren und beraten zu k\u00f6nnen, setzen wir Auswertungsinstrumente ein. Diese erm\u00f6glichen eine bedarfsgerechte Kommunikation und Direktwerbung.<\/p>\n<h2>Wer ist f\u00fcr die Datenverarbeitung verantwortlich und an wen kann ich mich wenden?<\/h2>\n<table style=\"width: 100%;\">\n<tbody>\n<tr>\n<td style=\"width: 44.64%;\">Iwanowski\u2019s Individuelles Reisen GmbH<\/td>\n<td style=\"width: 53.35%;\">Sie erreichen unseren Datenschutzbeauftragten unter:<\/td>\n<\/tr>\n<tr>\n<td style=\"width: 44.64%;\">Salm-Reifferscheidt-Allee 37<\/td>\n<td style=\"width: 53.35%;\">Iwanowski\u2019s Individuelles Reisen GmbH<\/td>\n<\/tr>\n<tr>\n<td style=\"width: 44.64%;\">41540 Dormagen<\/td>\n<td style=\"width: 53.35%;\">Datenschutzbeauftragter<\/td>\n<\/tr>\n<tr>\n<td style=\"width: 44.64%;\">Tel.: 02133 &#8211; 260 30<\/td>\n<td style=\"width: 53.35%;\">41540 Dormagen<\/td>\n<\/tr>\n<tr>\n<td style=\"width: 44.64%;\">Fax: 02133 \u2013 260333<\/td>\n<td style=\"width: 53.35%;\">Tel.: 02133 &#8211; 260 30<\/td>\n<\/tr>\n<tr>\n<td style=\"width: 44.64%;\">E-Mail: <a href=\"mailto:iwanowski@afrika.de\">iwanowski@afrika.de<\/a><\/td>\n<td style=\"width: 53.35%;\">E-Mail: <a href=\"mailto:datenschutz@afrika.de\">datenschutz@afrika.de<\/a><\/td>\n<\/tr>\n<\/tbody>\n<\/table>\n<h2>Links zu anderen Websites<\/h2>\n<p>Auf unserer Homepage finden Sie Links zu anderen Webseiten. Diese Datenschutzerkl\u00e4rung erstreckt sich nicht auf andere Anbieter. Welche Daten die Betreiber anderer Webseiten m\u00f6glicherweise erheben, entzieht sich unserer Kenntnis und unserem Einflussbereich. Wir \u00fcbernehmen daher auch keine Verantwortung f\u00fcr die dort bereitgestellten Informationen. Einzelheiten Ihren Rechten und Einstellungsm\u00f6glichkeiten zum Schutz Ihrer Privatsph\u00e4re m\u00fcssen Sie direkt beim jeweiligen Anbieter in dessen Datenschutzerkl\u00e4rung nachlesen.<\/p>\n<h2>Sicherheit im Netz<\/h2>\n<p>Weitere Informationen zum Thema Sicherheit im Netz finden Sie auf den Seiten des Bundesamtes f\u00fcr Sicherheit in der Informationstechnik: <a href=\"https:\/\/www.bsi.bund.de\/DE\/Home\/home_node.html\" data-wpel-link=\"external\" target=\"_blank\" rel=\"nofollow noopener noreferrer\" class=\"ext-link\">https:\/\/www.bsi.bund.de\/DE\/Home\/home_node.html<\/a><\/p>\n<p>Diese Datenschutzerkl\u00e4rung ist aktuell g\u00fcltig und datiert vom 25.05.2018. Eine Aktualisierung dieser Datenschutzhinweise kann z. B. durch neue Angebote oder neuer Technologien notwendig werden. Wir behalten uns vor, die Datenschutzerkl\u00e4rung jederzeit mit Wirkung f\u00fcr die Zukunft zu \u00e4ndern und empfehlen, die aktuelle Datenschutzerkl\u00e4rung in regelm\u00e4\u00dfigen Abst\u00e4nden zu lesen.<\/p>","protected":false},"excerpt":{"rendered":"<p>Herzlichen Dank f\u00fcr Ihr Interesse an unserer Homepage, die Sie grunds\u00e4tzlich ohne Angabe personenbezogener Daten besuchen k\u00f6nnen. Der Schutz Ihrer Privatsph\u00e4re und Ihrer pers\u00f6nlichen Daten ist f\u00fcr uns von gro\u00dfer Wichtigkeit. Unsere Datenschutzpraxis gem\u00e4\u00df den geltenden datenschutzrechtlichen Bestimmungen sowie den gesetzlichen Vorgaben sch\u00fctzt Ihre Daten&hellip; <a class=\"read-more\" href=\"https:\/\/www.afrika.de\/blog\/datenschutzerklaerung\/\" data-wpel-link=\"internal\">Weiterlesen<\/a><\/p>\n","protected":false},"author":309,"featured_media":0,"parent":0,"menu_order":0,"comment_status":"closed","ping_status":"open","template":"","meta":{"footnotes":""},"class_list":["post-14353","page","type-page","status-publish","hentry"],"_links":{"self":[{"href":"https:\/\/www.afrika.de\/blog\/wp-json\/wp\/v2\/pages\/14353","targetHints":{"allow":["GET"]}}],"collection":[{"href":"https:\/\/www.afrika.de\/blog\/wp-json\/wp\/v2\/pages"}],"about":[{"href":"https:\/\/www.afrika.de\/blog\/wp-json\/wp\/v2\/types\/page"}],"author":[{"embeddable":true,"href":"https:\/\/www.afrika.de\/blog\/wp-json\/wp\/v2\/users\/309"}],"replies":[{"embeddable":true,"href":"https:\/\/www.afrika.de\/blog\/wp-json\/wp\/v2\/comments?post=14353"}],"version-history":[{"count":14,"href":"https:\/\/www.afrika.de\/blog\/wp-json\/wp\/v2\/pages\/14353\/revisions"}],"predecessor-version":[{"id":28215,"href":"https:\/\/www.afrika.de\/blog\/wp-json\/wp\/v2\/pages\/14353\/revisions\/28215"}],"wp:attachment":[{"href":"https:\/\/www.afrika.de\/blog\/wp-json\/wp\/v2\/media?parent=14353"}],"curies":[{"name":"wp","href":"https:\/\/api.w.org\/{rel}","templated":true}]}}